{"id":4846,"date":"2024-01-22T17:20:20","date_gmt":"2024-01-22T16:20:20","guid":{"rendered":"http:\/\/genekam.mosquitobornediseases.com\/?page_id=4846"},"modified":"2024-12-19T15:21:34","modified_gmt":"2024-12-19T14:21:34","slug":"de-genekam-dnasportcheck","status":"publish","type":"page","link":"https:\/\/genekam.de\/index.php\/de-genekam-dnasportcheck\/","title":{"rendered":"Genekam DNAsportcheck"},"content":{"rendered":"\t\t<div data-elementor-type=\"wp-page\" data-elementor-id=\"4846\" class=\"elementor elementor-4846\">\n\t\t\t\t\t\t\t<div class=\"elementor-element elementor-element-d6d7b60 e-flex e-con-boxed e-con e-parent\" data-id=\"d6d7b60\" data-element_type=\"container\" data-settings=\"{&quot;content_width&quot;:&quot;boxed&quot;}\" data-core-v316-plus=\"true\">\n\t\t\t\t\t<div class=\"e-con-inner\">\n\t\t\t\t<div class=\"elementor-element elementor-element-13a1dfb elementor-widget elementor-widget-text-editor\" data-id=\"13a1dfb\" data-element_type=\"widget\" data-widget_type=\"text-editor.default\">\n\t\t\t\t<div class=\"elementor-widget-container\">\n\t\t\t<style>\/*! elementor - v3.16.0 - 20-09-2023 *\/\n.elementor-widget-text-editor.elementor-drop-cap-view-stacked .elementor-drop-cap{background-color:#69727d;color:#fff}.elementor-widget-text-editor.elementor-drop-cap-view-framed .elementor-drop-cap{color:#69727d;border:3px solid;background-color:transparent}.elementor-widget-text-editor:not(.elementor-drop-cap-view-default) .elementor-drop-cap{margin-top:8px}.elementor-widget-text-editor:not(.elementor-drop-cap-view-default) .elementor-drop-cap-letter{width:1em;height:1em}.elementor-widget-text-editor .elementor-drop-cap{float:left;text-align:center;line-height:1;font-size:50px}.elementor-widget-text-editor .elementor-drop-cap-letter{display:inline-block}<\/style>\t\t\t\t<h1>Genekam DNAsportcheck<\/h1><h2>\u2022 einfach \u2022 schmerzlos \u2022 zuhause \u2022 preisg\u00fcnstig<\/h2><p>\u00a0<\/p><p>Genekam DNAsportcheck zeigt, ob Ihr Kind der Sportstar von Morgen ist!<\/p><p>Die Genekam Biotechnology AG hat einen DNA-Test entwickelt, der Eltern helfen kann, zu erkennen, ob ihr Kind sportlich talentiert ist oder nicht. Dieser Test ist einfach mit einer Speichelprobe durchzuf\u00fchren und kostet nur 29.- Euro.<\/p><p>\u00dcberdurchschnittliche Sportlichkeit ist ein komplexes Ph\u00e4nomen, weil viele Gene und Umweltfaktoren eine Rolle spielen. Spitzensportler haben bestimmte genetische Veranlagungen, die normale Personen nicht haben. Wegen diesen Veranlagungen sind diese Personen besser im Sport. Heute kann man per Genekam DNAsportcheck feststellen, ob man diese Veranlagung hat. Viele Eltern w\u00fcnschen sich, dass sich ihr Kind im Sport behauptet und unterst\u00fctzen und f\u00f6rdern die sportlichen Aktivit\u00e4ten ihrer Kinder. Falls die Veranlagung nicht vorhanden ist, sollten athletische Spitzenleistungen nicht erwartet werden. Falls man fr\u00fchzeitig wei\u00df, da\u00df ein Kind dementsprechend veranlagt ist, kann eine gezielte F\u00f6rderung f\u00fcr bestimmte Disziplinen stattfinden, auch bei Kindern, die bisher sportlich nicht aktiv waren. Durch DNA kann man auch feststellen, ob man f\u00fcr besonders f\u00fcr Kraftsport oder Sprint geeignet ist.<\/p><p>Es gibt mehrere Gene, die hier eine Rolle spielen. Hier sind Beispiele von der Wirkung zweier Gene: Die eine Variante des Gens f\u00fchrt zur besserer Kraftleistung und zu schnellerem Muskelzuwachs und die andere Variante zu einer besseren Ausdauerleistung.<\/p><p>1. Das eine Gen bildet ein bestimmtes Enzym aus, das unter anderem den Blutdruck reguliert und die Muskelfunktion beeinflusst. Dieses Enzym sorgt f\u00fcr einen schnelleren Muskelzuwachs und induziert das Muskelwachstum.<\/p><p>2. Ein anderes Gen sorgt f\u00fcr die Ausbildung eines bestimmten Proteins, das die helle Muskulatur, also die schnelle Muskelfaser verbessert. Dies f\u00fchrt wiederum zu verbesserter Sprint- und Kraftleistung und zu explosiven Power-Kontraktionen.<\/p><p>Genekam DNAsportcheck dient als Orientierungshilfe f\u00fcr die Eltern. Das Alter des Kindes spielt dabei keine Rolle, selbst bei Neugeborenen kann man diesen Test durchf\u00fchren lassen. Erwachsene k\u00f6nnen den Test zur eigenen Information auch durchf\u00fchren lassen.<\/p><p>Durchf\u00fchrung des Tests:<br \/>Sie bekommen ein Kit zugeschickt, mit dem Sie eine Speichelprobe aufnehmen k\u00f6nnen und schicken die Proben an uns zur\u00fcck. Nach Abschluss der Laboruntersuchung erhalten Sie einen schriftlichen Befund.<\/p><p>Bestellung: Telefonisch, per Email, Fax oder Brief<\/p>\t\t\t\t\t\t<\/div>\n\t\t\t\t<\/div>\n\t\t\t\t\t<\/div>\n\t\t\t\t<\/div>\n\t\t<div class=\"elementor-element elementor-element-83ae7c8 e-flex e-con-boxed e-con e-parent\" data-id=\"83ae7c8\" data-element_type=\"container\" data-settings=\"{&quot;content_width&quot;:&quot;boxed&quot;}\" data-core-v316-plus=\"true\">\n\t\t\t\t\t<div class=\"e-con-inner\">\n\t\t\t\t<div class=\"elementor-element elementor-element-e7c84b4 elementor-widget elementor-widget-eael-advanced-data-table\" data-id=\"e7c84b4\" data-element_type=\"widget\" data-widget_type=\"eael-advanced-data-table.default\">\n\t\t\t\t<div class=\"elementor-widget-container\">\n\t\t\t<div class=\"ea-advanced-data-table-wrap\" data-id=\"e7c84b4\"><div class=\"ea-advanced-data-table-wrap-inner\">\n                <table class=\"ea-advanced-data-table ea-advanced-data-table-static ea-advanced-data-table-e7c84b4 ea-advanced-data-table-sortable ea-advanced-data-table-paginated\" data-id=\"e7c84b4\" data-items-per-page=\"300\"><thead><tr><th><p>Name<\/p><\/th><th><p>Preis<\/p><\/th><\/tr><\/thead><tbody><tr><td><p><span>Genekam DNAsportcheck<\/span><\/p><\/td><td><p>29\u20ac<\/p><\/td><\/tr><\/tbody><\/table>\n            <\/div><div class=\"ea-advanced-data-table-pagination ea-advanced-data-table-pagination-button clearfix\"><\/div><\/div>\t\t<\/div>\n\t\t\t\t<\/div>\n\t\t\t\t\t<\/div>\n\t\t\t\t<\/div>\n\t\t\t\t\t\t\t<\/div>\n\t\t","protected":false},"excerpt":{"rendered":"Genekam DNAsportcheck \u2022 einfach \u2022 schmerzlos \u2022 zuhause \u2022 preisg\u00fcnstig \u00a0 Genekam DNAsportcheck zeigt, ob Ihr Kind der Sportstar von Morgen ist! Die Genekam Biotechnology AG hat einen DNA-Test entwickelt, der Eltern helfen kann, zu erkennen, ob ihr Kind sportlich talentiert ist oder nicht. Dieser Test ist einfach mit einer Speichelprobe durchzuf\u00fchren und kostet nur ","protected":false},"author":1,"featured_media":0,"parent":0,"menu_order":0,"comment_status":"closed","ping_status":"closed","template":"","meta":{"inline_featured_image":false,"footnotes":""},"class_list":["post-4846","page","type-page","status-publish","hentry"],"yoast_head":"<!-- This site is optimized with the Yoast SEO plugin v22.2 - https:\/\/yoast.com\/wordpress\/plugins\/seo\/ -->\n<title>Genekam DNAsportcheck - Genekam Biotechnology AG<\/title>\n<meta name=\"robots\" content=\"index, follow, max-snippet:-1, max-image-preview:large, max-video-preview:-1\" \/>\n<link rel=\"canonical\" href=\"https:\/\/genekam.de\/index.php\/de-genekam-dnasportcheck\/\" \/>\n<meta property=\"og:locale\" content=\"de_DE\" \/>\n<meta property=\"og:type\" content=\"article\" \/>\n<meta property=\"og:title\" content=\"Genekam DNAsportcheck - Genekam Biotechnology AG\" \/>\n<meta property=\"og:description\" content=\"Genekam DNAsportcheck \u2022 einfach \u2022 schmerzlos \u2022 zuhause \u2022 preisg\u00fcnstig \u00a0 Genekam DNAsportcheck zeigt, ob Ihr Kind der Sportstar von Morgen ist! Die Genekam Biotechnology AG hat einen DNA-Test entwickelt, der Eltern helfen kann, zu erkennen, ob ihr Kind sportlich talentiert ist oder nicht. Dieser Test ist einfach mit einer Speichelprobe durchzuf\u00fchren und kostet nur\" \/>\n<meta property=\"og:url\" content=\"https:\/\/genekam.de\/index.php\/de-genekam-dnasportcheck\/\" \/>\n<meta property=\"og:site_name\" content=\"Genekam Biotechnology AG\" \/>\n<meta property=\"article:modified_time\" content=\"2024-12-19T14:21:34+00:00\" \/>\n<meta name=\"twitter:card\" content=\"summary_large_image\" \/>\n<meta name=\"twitter:label1\" content=\"Gesch\u00e4tzte Lesezeit\" \/>\n\t<meta name=\"twitter:data1\" content=\"2\u00a0Minuten\" \/>\n<script type=\"application\/ld+json\" class=\"yoast-schema-graph\">{\"@context\":\"https:\/\/schema.org\",\"@graph\":[{\"@type\":\"WebPage\",\"@id\":\"https:\/\/genekam.de\/index.php\/de-genekam-dnasportcheck\/\",\"url\":\"https:\/\/genekam.de\/index.php\/de-genekam-dnasportcheck\/\",\"name\":\"Genekam DNAsportcheck - Genekam Biotechnology AG\",\"isPartOf\":{\"@id\":\"https:\/\/genekam.de\/#website\"},\"datePublished\":\"2024-01-22T16:20:20+00:00\",\"dateModified\":\"2024-12-19T14:21:34+00:00\",\"breadcrumb\":{\"@id\":\"https:\/\/genekam.de\/index.php\/de-genekam-dnasportcheck\/#breadcrumb\"},\"inLanguage\":\"de\",\"potentialAction\":[{\"@type\":\"ReadAction\",\"target\":[\"https:\/\/genekam.de\/index.php\/de-genekam-dnasportcheck\/\"]}]},{\"@type\":\"BreadcrumbList\",\"@id\":\"https:\/\/genekam.de\/index.php\/de-genekam-dnasportcheck\/#breadcrumb\",\"itemListElement\":[{\"@type\":\"ListItem\",\"position\":1,\"name\":\"Startseite\",\"item\":\"https:\/\/genekam.de\/\"},{\"@type\":\"ListItem\",\"position\":2,\"name\":\"Genekam DNAsportcheck\"}]},{\"@type\":\"WebSite\",\"@id\":\"https:\/\/genekam.de\/#website\",\"url\":\"https:\/\/genekam.de\/\",\"name\":\"Genekam Biotechnology AG\",\"description\":\"\",\"potentialAction\":[{\"@type\":\"SearchAction\",\"target\":{\"@type\":\"EntryPoint\",\"urlTemplate\":\"https:\/\/genekam.de\/?s={search_term_string}\"},\"query-input\":\"required name=search_term_string\"}],\"inLanguage\":\"de\"}]}<\/script>\n<!-- \/ Yoast SEO plugin. -->","yoast_head_json":{"title":"Genekam DNAsportcheck - Genekam Biotechnology AG","robots":{"index":"index","follow":"follow","max-snippet":"max-snippet:-1","max-image-preview":"max-image-preview:large","max-video-preview":"max-video-preview:-1"},"canonical":"https:\/\/genekam.de\/index.php\/de-genekam-dnasportcheck\/","og_locale":"de_DE","og_type":"article","og_title":"Genekam DNAsportcheck - Genekam Biotechnology AG","og_description":"Genekam DNAsportcheck \u2022 einfach \u2022 schmerzlos \u2022 zuhause \u2022 preisg\u00fcnstig \u00a0 Genekam DNAsportcheck zeigt, ob Ihr Kind der Sportstar von Morgen ist! Die Genekam Biotechnology AG hat einen DNA-Test entwickelt, der Eltern helfen kann, zu erkennen, ob ihr Kind sportlich talentiert ist oder nicht. Dieser Test ist einfach mit einer Speichelprobe durchzuf\u00fchren und kostet nur","og_url":"https:\/\/genekam.de\/index.php\/de-genekam-dnasportcheck\/","og_site_name":"Genekam Biotechnology AG","article_modified_time":"2024-12-19T14:21:34+00:00","twitter_card":"summary_large_image","twitter_misc":{"Gesch\u00e4tzte Lesezeit":"2\u00a0Minuten"},"schema":{"@context":"https:\/\/schema.org","@graph":[{"@type":"WebPage","@id":"https:\/\/genekam.de\/index.php\/de-genekam-dnasportcheck\/","url":"https:\/\/genekam.de\/index.php\/de-genekam-dnasportcheck\/","name":"Genekam DNAsportcheck - Genekam Biotechnology AG","isPartOf":{"@id":"https:\/\/genekam.de\/#website"},"datePublished":"2024-01-22T16:20:20+00:00","dateModified":"2024-12-19T14:21:34+00:00","breadcrumb":{"@id":"https:\/\/genekam.de\/index.php\/de-genekam-dnasportcheck\/#breadcrumb"},"inLanguage":"de","potentialAction":[{"@type":"ReadAction","target":["https:\/\/genekam.de\/index.php\/de-genekam-dnasportcheck\/"]}]},{"@type":"BreadcrumbList","@id":"https:\/\/genekam.de\/index.php\/de-genekam-dnasportcheck\/#breadcrumb","itemListElement":[{"@type":"ListItem","position":1,"name":"Startseite","item":"https:\/\/genekam.de\/"},{"@type":"ListItem","position":2,"name":"Genekam DNAsportcheck"}]},{"@type":"WebSite","@id":"https:\/\/genekam.de\/#website","url":"https:\/\/genekam.de\/","name":"Genekam Biotechnology AG","description":"","potentialAction":[{"@type":"SearchAction","target":{"@type":"EntryPoint","urlTemplate":"https:\/\/genekam.de\/?s={search_term_string}"},"query-input":"required name=search_term_string"}],"inLanguage":"de"}]}},"_links":{"self":[{"href":"https:\/\/genekam.de\/index.php\/wp-json\/wp\/v2\/pages\/4846","targetHints":{"allow":["GET"]}}],"collection":[{"href":"https:\/\/genekam.de\/index.php\/wp-json\/wp\/v2\/pages"}],"about":[{"href":"https:\/\/genekam.de\/index.php\/wp-json\/wp\/v2\/types\/page"}],"author":[{"embeddable":true,"href":"https:\/\/genekam.de\/index.php\/wp-json\/wp\/v2\/users\/1"}],"replies":[{"embeddable":true,"href":"https:\/\/genekam.de\/index.php\/wp-json\/wp\/v2\/comments?post=4846"}],"version-history":[{"count":8,"href":"https:\/\/genekam.de\/index.php\/wp-json\/wp\/v2\/pages\/4846\/revisions"}],"predecessor-version":[{"id":9018,"href":"https:\/\/genekam.de\/index.php\/wp-json\/wp\/v2\/pages\/4846\/revisions\/9018"}],"wp:attachment":[{"href":"https:\/\/genekam.de\/index.php\/wp-json\/wp\/v2\/media?parent=4846"}],"curies":[{"name":"wp","href":"https:\/\/api.w.org\/{rel}","templated":true}]}}