{"id":4848,"date":"2024-01-22T17:42:12","date_gmt":"2024-01-22T16:42:12","guid":{"rendered":"http:\/\/genekam.mosquitobornediseases.com\/?page_id=4848"},"modified":"2024-12-19T15:22:01","modified_gmt":"2024-12-19T14:22:01","slug":"de-dna-tests-fuer-papilloma-virus-hpv-fuer-19-genotypen","status":"publish","type":"page","link":"https:\/\/genekam.de\/index.php\/de-dna-tests-fuer-papilloma-virus-hpv-fuer-19-genotypen\/","title":{"rendered":"DNA-Tests f\u00fcr Papilloma Virus (HPV) f\u00fcr 19 Genotypen"},"content":{"rendered":"\t\t<div data-elementor-type=\"wp-page\" data-elementor-id=\"4848\" class=\"elementor elementor-4848\">\n\t\t\t\t\t\t\t<div class=\"elementor-element elementor-element-f3e676b e-flex e-con-boxed e-con e-parent\" data-id=\"f3e676b\" data-element_type=\"container\" data-settings=\"{&quot;content_width&quot;:&quot;boxed&quot;}\" data-core-v316-plus=\"true\">\n\t\t\t\t\t<div class=\"e-con-inner\">\n\t\t\t\t<div class=\"elementor-element elementor-element-6fdd1f2 elementor-widget elementor-widget-text-editor\" data-id=\"6fdd1f2\" data-element_type=\"widget\" data-widget_type=\"text-editor.default\">\n\t\t\t\t<div class=\"elementor-widget-container\">\n\t\t\t<style>\/*! elementor - v3.16.0 - 20-09-2023 *\/\n.elementor-widget-text-editor.elementor-drop-cap-view-stacked .elementor-drop-cap{background-color:#69727d;color:#fff}.elementor-widget-text-editor.elementor-drop-cap-view-framed .elementor-drop-cap{color:#69727d;border:3px solid;background-color:transparent}.elementor-widget-text-editor:not(.elementor-drop-cap-view-default) .elementor-drop-cap{margin-top:8px}.elementor-widget-text-editor:not(.elementor-drop-cap-view-default) .elementor-drop-cap-letter{width:1em;height:1em}.elementor-widget-text-editor .elementor-drop-cap{float:left;text-align:center;line-height:1;font-size:50px}.elementor-widget-text-editor .elementor-drop-cap-letter{display:inline-block}<\/style>\t\t\t\t<h1>DNA-Tests f\u00fcr Papilloma Virus (HPV) f\u00fcr 19 Genotypen<\/h1><h2>Einfach, schmerzlos, genau, schnell und bezahlbar \u2013 durch PCR Test.<\/h2><p>Humane Papilloma-Viren (HPV) sind die am meisten verbreiteten DNA-Virentypen bei Menschen in der ganzen Welt. Es gibt inzwischen \u00fcber 100 verschiedene Genotypen. Sie verursachen weltweit Warzen in der Haut und Schleimhaut. Die Hautwarzen werden dabei von HPV-1, 3, 5 und 7 verursacht. Die restlichen Virentypen spielen eine bedeutende Rolle w\u00e4hrend der Entstehung von Tumoren im Reproduktionstrakt. HPV-Genotypen sind unterteilt in zwei Gruppen:<br \/><b>&gt; High Risk<\/b>\u00a0und\u00a0<b>Low Risk<\/b><\/p><p>HPV-16, 18, 31, 33, 35, 39, 45, 51, 52, 56, 58, 62, 66, 68, 70, 73 usw. geh\u00f6ren zur Gruppe High Risk. Sie treten weltweit in Verbindung mit Geb\u00e4rmutterhalskrebs (Zervixkarzinom) auf, geh\u00e4uft in Europa. Papillomavirusinfektionen der Zervix \u00e4u\u00dfern sich als flache Condylome oder niedriggradige intraepitheliale Neoplasien. Sie sind h\u00e4ufig multizentrisch. Die Latenzzeit zwischen der Prim\u00e4rinfektion und der Entstehung eines Tumors betr\u00e4gt etwa 20 bis 40 Jahre. Auch bei der Entstehung von Papilloma-assoziierten malignen Erkrankungen des Genitalbereichs spielen Co-Faktoren (wie Rauchen, Infektionen mit anderen Viren wie CMV, HSV, HIV und Harmonbehandlungen) eine wichtige Rolle.<\/p><p>Durch die Feststellung von High Risk HPV-Infektionen mit Hilfe der PCR-Methode, k\u00f6nnen Frauen, bei denen sich gerade ein Geb\u00e4rmuttertumor entwickelt, identifiziert werden. Sollte der Test negativ ausfallen, bedeutet dies mit sehr hoher Wahrscheinlichkeit, dass Geb\u00e4rmutterhalskrebs auszuschlie\u00dfen ist. Eine deutsche Studie von 2007 hat HPV-16, 31, 52, 51, 18 und 45 als die am meisten vorkommenden, tumorverursachenden Virentypen in Deutschland festgestellt.<\/p><p>Deshalb sollten sich insbesondere Frauen per DNA-Test (PCR basiert) auf\u00a0<b>Risikoprofile<\/b>\u00a0untersuchen lassen, damit Risiken einer Infektion mit HPV ausgeschlossen oder andernfalls Pr\u00e4ventivma\u00dfnahmen eingeleitet werden k\u00f6nnen. Ein Impfstoff ist erh\u00e4ltlich, jedoch ist es vor und nach der Abgabe (ca. 30 Tage oder sp\u00e4ter) des Impfstoffes sinnvoll, die Person auf HPV zu \u00fcberpr\u00fcfen. Sollte sie nach der Abgabe des Impfstoffes positiv getestet werden, war die Abgabe des Impfstoffes wahrscheinlich fraglich.<\/p><p>Dieser Impfstoff ist f\u00fcr die Genotypen 6,11,16 und 18 erh\u00e4ltlich, aber bei der Entstehung von Geb\u00e4rmutterhalstumor spielen auch andere HPV-Typen wie 33, 45, 51 usw. eine Rolle. Daher hat das \u201cAdvisory Commitee on Immunization Practices\u201d (ACIP), USA, 2007 empfohlen, dass derzeitige Impfungsangebote kein Ersatz f\u00fcr eine routinem\u00e4\u00dfige Vorsorgeuntersuchung f\u00fcr Geb\u00e4rmutterhalskrebs sind. Frauen, die geimpft sind, sollten weiterhin an Vorsorgeuntersuchungen teilnehmen. GENEKAM Biotechnology AG empfiehlt DNA- Tests f\u00fcr solche Untersuchungen, weil die DNA-Tests sehr genau, zuverl\u00e4ssig und hochspezifisch sind. Au\u00dferdem besitzen DNA-Tests eine sehr hohe Empfindlichkeit, d.h. man kann bereits eine kleine Menge Erreger erkennen.<\/p><p>Der GENEKAM HPV DNA-Test erfasst 19 HPV-Genotypen<\/p>\t\t\t\t\t\t<\/div>\n\t\t\t\t<\/div>\n\t\t\t\t\t<\/div>\n\t\t\t\t<\/div>\n\t\t<div class=\"elementor-element elementor-element-d087dbf e-flex e-con-boxed e-con e-parent\" data-id=\"d087dbf\" data-element_type=\"container\" data-settings=\"{&quot;content_width&quot;:&quot;boxed&quot;}\" data-core-v316-plus=\"true\">\n\t\t\t\t\t<div class=\"e-con-inner\">\n\t\t\t\t<div class=\"elementor-element elementor-element-26df38b elementor-widget elementor-widget-eael-advanced-data-table\" data-id=\"26df38b\" data-element_type=\"widget\" data-widget_type=\"eael-advanced-data-table.default\">\n\t\t\t\t<div class=\"elementor-widget-container\">\n\t\t\t<div class=\"ea-advanced-data-table-wrap\" data-id=\"26df38b\"><div class=\"ea-advanced-data-table-wrap-inner\">\n                <table class=\"ea-advanced-data-table ea-advanced-data-table-static ea-advanced-data-table-26df38b ea-advanced-data-table-sortable ea-advanced-data-table-paginated\" data-id=\"26df38b\" data-items-per-page=\"300\"><thead><tr><th><p>Name<\/p><\/th><th><p>Preis<\/p><\/th><\/tr><\/thead><tbody><tr><td><p>HPV DNA-Test common (gruppenspezifisch)<\/p><\/td><td><p>29\u20ac<\/p><\/td><\/tr><tr><td><p>HPV HPV-16 + HPV-18<\/p><\/td><td><p>39\u20ac<\/p><\/td><\/tr><tr><td><p>HPV HPV-6 + HPV-11 + HPV-16 + HPV-18<\/p><\/td><td><p>49\u20ac<\/p><\/td><\/tr><tr><td><p>HPV HPV-6 + HPV-11 + HPV-16 + HPV-18 + Co-Faktor Cytomegalovirus (CMV) + Co-Faktor Herpes Simplex Virus (HSV)<\/p><\/td><td><p>59\u20ac<\/p><\/td><\/tr><tr><td><p>unsere Empfehlung: GENEKAM Super Profile HPV-Test: 19 verschiedene HPV-Viren * (der Gruppe High-Risk Profile wie HPV-16, 18, 31, 33, 35, 39, 45, 51, 52, 56, 58, 59, 66, 68) + HPV 6, 11, 42, 43 , 44 (Low Risk))<\/p><\/td><td><p>59\u20ac<\/p><\/td><\/tr><tr><td><p>* jede Frau sollte einmal im Leben den GENEKAM Super Profile HPV-Test machen lassen. Dies gilt auch f\u00fcr die, die den HPV-Impfstoff bekommen haben, weil dieser Panel Viren, gegen die der Impstoff wirken sollte und andere High Risk-Viren erfasst.<\/p><\/td><td><p><br><\/p><\/td><\/tr><\/tbody><\/table>\n            <\/div><div class=\"ea-advanced-data-table-pagination ea-advanced-data-table-pagination-button clearfix\"><\/div><\/div>\t\t<\/div>\n\t\t\t\t<\/div>\n\t\t\t\t\t<\/div>\n\t\t\t\t<\/div>\n\t\t<div class=\"elementor-element elementor-element-2a324ab e-flex e-con-boxed e-con e-parent\" data-id=\"2a324ab\" data-element_type=\"container\" data-settings=\"{&quot;content_width&quot;:&quot;boxed&quot;}\" data-core-v316-plus=\"true\">\n\t\t\t\t\t<div class=\"e-con-inner\">\n\t\t\t\t<div class=\"elementor-element elementor-element-79197a0 elementor-widget elementor-widget-text-editor\" data-id=\"79197a0\" data-element_type=\"widget\" data-widget_type=\"text-editor.default\">\n\t\t\t\t<div class=\"elementor-widget-container\">\n\t\t\t\t\t\t\t<h3>Proben:<\/h3><ol><li>Warze oder Biopsie.<\/li><li>Abstrich mit zwei sterilen Wattest\u00e4bchen vom Genitalbereich<\/li><li>Objekttr\u00e4ger mit Papasmear. Nach der Entnahme trocknen lassen, in Plastikh\u00fclle stecken und abschicken.<\/li><li>Hautwarze (Zervix).<\/li><\/ol><p>Tests derzeit nicht verf\u00fcgbar.<\/p>\t\t\t\t\t\t<\/div>\n\t\t\t\t<\/div>\n\t\t\t\t\t<\/div>\n\t\t\t\t<\/div>\n\t\t\t\t\t\t\t<\/div>\n\t\t","protected":false},"excerpt":{"rendered":"DNA-Tests f\u00fcr Papilloma Virus (HPV) f\u00fcr 19 Genotypen Einfach, schmerzlos, genau, schnell und bezahlbar \u2013 durch PCR Test. Humane Papilloma-Viren (HPV) sind die am meisten verbreiteten DNA-Virentypen bei Menschen in der ganzen Welt. Es gibt inzwischen \u00fcber 100 verschiedene Genotypen. Sie verursachen weltweit Warzen in der Haut und Schleimhaut. Die Hautwarzen werden dabei von HPV-1, ","protected":false},"author":1,"featured_media":0,"parent":0,"menu_order":0,"comment_status":"closed","ping_status":"closed","template":"","meta":{"inline_featured_image":false,"footnotes":""},"class_list":["post-4848","page","type-page","status-publish","hentry"],"yoast_head":"<!-- This site is optimized with the Yoast SEO plugin v22.2 - https:\/\/yoast.com\/wordpress\/plugins\/seo\/ -->\n<title>DNA-Tests f\u00fcr Papilloma Virus (HPV) f\u00fcr 19 Genotypen - Genekam Biotechnology AG<\/title>\n<meta name=\"robots\" content=\"index, follow, max-snippet:-1, max-image-preview:large, max-video-preview:-1\" \/>\n<link rel=\"canonical\" href=\"https:\/\/genekam.de\/index.php\/de-dna-tests-fuer-papilloma-virus-hpv-fuer-19-genotypen\/\" \/>\n<meta property=\"og:locale\" content=\"de_DE\" \/>\n<meta property=\"og:type\" content=\"article\" \/>\n<meta property=\"og:title\" content=\"DNA-Tests f\u00fcr Papilloma Virus (HPV) f\u00fcr 19 Genotypen - Genekam Biotechnology AG\" \/>\n<meta property=\"og:description\" content=\"DNA-Tests f\u00fcr Papilloma Virus (HPV) f\u00fcr 19 Genotypen Einfach, schmerzlos, genau, schnell und bezahlbar \u2013 durch PCR Test. Humane Papilloma-Viren (HPV) sind die am meisten verbreiteten DNA-Virentypen bei Menschen in der ganzen Welt. Es gibt inzwischen \u00fcber 100 verschiedene Genotypen. Sie verursachen weltweit Warzen in der Haut und Schleimhaut. Die Hautwarzen werden dabei von HPV-1,\" \/>\n<meta property=\"og:url\" content=\"https:\/\/genekam.de\/index.php\/de-dna-tests-fuer-papilloma-virus-hpv-fuer-19-genotypen\/\" \/>\n<meta property=\"og:site_name\" content=\"Genekam Biotechnology AG\" \/>\n<meta property=\"article:modified_time\" content=\"2024-12-19T14:22:01+00:00\" \/>\n<meta name=\"twitter:card\" content=\"summary_large_image\" \/>\n<meta name=\"twitter:label1\" content=\"Gesch\u00e4tzte Lesezeit\" \/>\n\t<meta name=\"twitter:data1\" content=\"4\u00a0Minuten\" \/>\n<script type=\"application\/ld+json\" class=\"yoast-schema-graph\">{\"@context\":\"https:\/\/schema.org\",\"@graph\":[{\"@type\":\"WebPage\",\"@id\":\"https:\/\/genekam.de\/index.php\/de-dna-tests-fuer-papilloma-virus-hpv-fuer-19-genotypen\/\",\"url\":\"https:\/\/genekam.de\/index.php\/de-dna-tests-fuer-papilloma-virus-hpv-fuer-19-genotypen\/\",\"name\":\"DNA-Tests f\u00fcr Papilloma Virus (HPV) f\u00fcr 19 Genotypen - Genekam Biotechnology AG\",\"isPartOf\":{\"@id\":\"https:\/\/genekam.de\/#website\"},\"datePublished\":\"2024-01-22T16:42:12+00:00\",\"dateModified\":\"2024-12-19T14:22:01+00:00\",\"breadcrumb\":{\"@id\":\"https:\/\/genekam.de\/index.php\/de-dna-tests-fuer-papilloma-virus-hpv-fuer-19-genotypen\/#breadcrumb\"},\"inLanguage\":\"de\",\"potentialAction\":[{\"@type\":\"ReadAction\",\"target\":[\"https:\/\/genekam.de\/index.php\/de-dna-tests-fuer-papilloma-virus-hpv-fuer-19-genotypen\/\"]}]},{\"@type\":\"BreadcrumbList\",\"@id\":\"https:\/\/genekam.de\/index.php\/de-dna-tests-fuer-papilloma-virus-hpv-fuer-19-genotypen\/#breadcrumb\",\"itemListElement\":[{\"@type\":\"ListItem\",\"position\":1,\"name\":\"Startseite\",\"item\":\"https:\/\/genekam.de\/\"},{\"@type\":\"ListItem\",\"position\":2,\"name\":\"DNA-Tests f\u00fcr Papilloma Virus (HPV) f\u00fcr 19 Genotypen\"}]},{\"@type\":\"WebSite\",\"@id\":\"https:\/\/genekam.de\/#website\",\"url\":\"https:\/\/genekam.de\/\",\"name\":\"Genekam Biotechnology AG\",\"description\":\"\",\"potentialAction\":[{\"@type\":\"SearchAction\",\"target\":{\"@type\":\"EntryPoint\",\"urlTemplate\":\"https:\/\/genekam.de\/?s={search_term_string}\"},\"query-input\":\"required name=search_term_string\"}],\"inLanguage\":\"de\"}]}<\/script>\n<!-- \/ Yoast SEO plugin. -->","yoast_head_json":{"title":"DNA-Tests f\u00fcr Papilloma Virus (HPV) f\u00fcr 19 Genotypen - Genekam Biotechnology AG","robots":{"index":"index","follow":"follow","max-snippet":"max-snippet:-1","max-image-preview":"max-image-preview:large","max-video-preview":"max-video-preview:-1"},"canonical":"https:\/\/genekam.de\/index.php\/de-dna-tests-fuer-papilloma-virus-hpv-fuer-19-genotypen\/","og_locale":"de_DE","og_type":"article","og_title":"DNA-Tests f\u00fcr Papilloma Virus (HPV) f\u00fcr 19 Genotypen - Genekam Biotechnology AG","og_description":"DNA-Tests f\u00fcr Papilloma Virus (HPV) f\u00fcr 19 Genotypen Einfach, schmerzlos, genau, schnell und bezahlbar \u2013 durch PCR Test. Humane Papilloma-Viren (HPV) sind die am meisten verbreiteten DNA-Virentypen bei Menschen in der ganzen Welt. Es gibt inzwischen \u00fcber 100 verschiedene Genotypen. Sie verursachen weltweit Warzen in der Haut und Schleimhaut. Die Hautwarzen werden dabei von HPV-1,","og_url":"https:\/\/genekam.de\/index.php\/de-dna-tests-fuer-papilloma-virus-hpv-fuer-19-genotypen\/","og_site_name":"Genekam Biotechnology AG","article_modified_time":"2024-12-19T14:22:01+00:00","twitter_card":"summary_large_image","twitter_misc":{"Gesch\u00e4tzte Lesezeit":"4\u00a0Minuten"},"schema":{"@context":"https:\/\/schema.org","@graph":[{"@type":"WebPage","@id":"https:\/\/genekam.de\/index.php\/de-dna-tests-fuer-papilloma-virus-hpv-fuer-19-genotypen\/","url":"https:\/\/genekam.de\/index.php\/de-dna-tests-fuer-papilloma-virus-hpv-fuer-19-genotypen\/","name":"DNA-Tests f\u00fcr Papilloma Virus (HPV) f\u00fcr 19 Genotypen - Genekam Biotechnology AG","isPartOf":{"@id":"https:\/\/genekam.de\/#website"},"datePublished":"2024-01-22T16:42:12+00:00","dateModified":"2024-12-19T14:22:01+00:00","breadcrumb":{"@id":"https:\/\/genekam.de\/index.php\/de-dna-tests-fuer-papilloma-virus-hpv-fuer-19-genotypen\/#breadcrumb"},"inLanguage":"de","potentialAction":[{"@type":"ReadAction","target":["https:\/\/genekam.de\/index.php\/de-dna-tests-fuer-papilloma-virus-hpv-fuer-19-genotypen\/"]}]},{"@type":"BreadcrumbList","@id":"https:\/\/genekam.de\/index.php\/de-dna-tests-fuer-papilloma-virus-hpv-fuer-19-genotypen\/#breadcrumb","itemListElement":[{"@type":"ListItem","position":1,"name":"Startseite","item":"https:\/\/genekam.de\/"},{"@type":"ListItem","position":2,"name":"DNA-Tests f\u00fcr Papilloma Virus (HPV) f\u00fcr 19 Genotypen"}]},{"@type":"WebSite","@id":"https:\/\/genekam.de\/#website","url":"https:\/\/genekam.de\/","name":"Genekam Biotechnology AG","description":"","potentialAction":[{"@type":"SearchAction","target":{"@type":"EntryPoint","urlTemplate":"https:\/\/genekam.de\/?s={search_term_string}"},"query-input":"required name=search_term_string"}],"inLanguage":"de"}]}},"_links":{"self":[{"href":"https:\/\/genekam.de\/index.php\/wp-json\/wp\/v2\/pages\/4848","targetHints":{"allow":["GET"]}}],"collection":[{"href":"https:\/\/genekam.de\/index.php\/wp-json\/wp\/v2\/pages"}],"about":[{"href":"https:\/\/genekam.de\/index.php\/wp-json\/wp\/v2\/types\/page"}],"author":[{"embeddable":true,"href":"https:\/\/genekam.de\/index.php\/wp-json\/wp\/v2\/users\/1"}],"replies":[{"embeddable":true,"href":"https:\/\/genekam.de\/index.php\/wp-json\/wp\/v2\/comments?post=4848"}],"version-history":[{"count":8,"href":"https:\/\/genekam.de\/index.php\/wp-json\/wp\/v2\/pages\/4848\/revisions"}],"predecessor-version":[{"id":9022,"href":"https:\/\/genekam.de\/index.php\/wp-json\/wp\/v2\/pages\/4848\/revisions\/9022"}],"wp:attachment":[{"href":"https:\/\/genekam.de\/index.php\/wp-json\/wp\/v2\/media?parent=4848"}],"curies":[{"name":"wp","href":"https:\/\/api.w.org\/{rel}","templated":true}]}}