{"id":4849,"date":"2024-01-22T17:40:33","date_gmt":"2024-01-22T16:40:33","guid":{"rendered":"http:\/\/genekam.mosquitobornediseases.com\/?page_id=4849"},"modified":"2024-12-19T15:21:23","modified_gmt":"2024-12-19T14:21:23","slug":"de-genekam-hiv-resistenz-test","status":"publish","type":"page","link":"https:\/\/genekam.de\/index.php\/de-genekam-hiv-resistenz-test\/","title":{"rendered":"Genekam HIV-Resistenz-Test"},"content":{"rendered":"\t\t<div data-elementor-type=\"wp-page\" data-elementor-id=\"4849\" class=\"elementor elementor-4849\">\n\t\t\t\t\t\t\t<div class=\"elementor-element elementor-element-9b558f7 e-flex e-con-boxed e-con e-parent\" data-id=\"9b558f7\" data-element_type=\"container\" data-settings=\"{&quot;content_width&quot;:&quot;boxed&quot;}\" data-core-v316-plus=\"true\">\n\t\t\t\t\t<div class=\"e-con-inner\">\n\t\t\t\t<div class=\"elementor-element elementor-element-478693a elementor-widget elementor-widget-text-editor\" data-id=\"478693a\" data-element_type=\"widget\" data-widget_type=\"text-editor.default\">\n\t\t\t\t<div class=\"elementor-widget-container\">\n\t\t\t<style>\/*! elementor - v3.16.0 - 20-09-2023 *\/\n.elementor-widget-text-editor.elementor-drop-cap-view-stacked .elementor-drop-cap{background-color:#69727d;color:#fff}.elementor-widget-text-editor.elementor-drop-cap-view-framed .elementor-drop-cap{color:#69727d;border:3px solid;background-color:transparent}.elementor-widget-text-editor:not(.elementor-drop-cap-view-default) .elementor-drop-cap{margin-top:8px}.elementor-widget-text-editor:not(.elementor-drop-cap-view-default) .elementor-drop-cap-letter{width:1em;height:1em}.elementor-widget-text-editor .elementor-drop-cap{float:left;text-align:center;line-height:1;font-size:50px}.elementor-widget-text-editor .elementor-drop-cap-letter{display:inline-block}<\/style>\t\t\t\t<h1>Genekam HIV-Resistenz-Test<\/h1><h2>\u2022 schmerzlos \u2022 einfach \u2022 genau<\/h2><p>DNA-Test zeigt, ob jemand an HIV erkranken kann oder nicht<\/p><p>Es gibt Menschen, die eine HIV-Erkrankung bekommen k\u00f6nnen und solche, die sich aufgrund einer bestimmten Genmutation nicht infizieren k\u00f6nnen. Deshalb es sinnvoll f\u00fcr jeden von uns, zu wissen, ob man HIV-resistent ist oder nicht.<\/p><p>Die Genekam Biotechnology AG hat jetzt einen Test entwickelt, der einfach durchzuf\u00fchren ist und kosteng\u00fcnstig ist. Es wird nur eine Speichelprobe ben\u00f6tigt, die man mit einem Wattest\u00e4bchen nehmen kann. Das Wattest\u00e4bchen schickt man an unser Labor zur Untersuchung. Nach ein paar Tagen erh\u00e4lt man ein schriftliches Ergebnis. Die Genekam Biotechnology AG untersucht diese Probe mit Hilfe einer molekularbiologischen Methode. Falls Sie positiv f\u00fcr HIV-Resistenz-Test sind, k\u00f6nnen sie sich freuen, dass die Natur Ihnen die M\u00f6glichkeit geben hat, dass Sie nicht so leicht an HIV erkranken k\u00f6nnten. Falls Sie negativ f\u00fcr diesen Test sind, wissen Sie, dass Sie anf\u00e4llig f\u00fcr eine Erkrankung sind und sollten immer Schutzmassnahmen ergreifen, um eine HIV-Infektion zu verhindern.<\/p><p>Zus\u00e4tzlich zur Feststellung der Resistenz gegen das HIV-Virus kann der Test dazu dienen, potentielle Spender ausfindig zu machen, deren Blut zur Therapie von HIV\u2013Kranken benutzt werden kann. Wissenschaftliche Untersuchungen zeigen momentan, dass es m\u00f6glich ist, Erkrankte mit Blutzellen einer resistenten Person ohne jegliche Nebenwirkungen zu heilen. Es bedarf allerdings noch erheblich mehr Forschungsarbeit in diesem Bereich, damit diese Methode eines Tages als klinische Therapie angewandt werden kann.<\/p><p>Durchf\u00fchrung des Tests:<br \/>Sie bekommen ein Kit zugeschickt, mit dem Sie ihre Speichelprobe aufnehmen k\u00f6nnen und schicken die Proben an uns zur\u00fcck. Danach erhalten sie das Ergebnis.<\/p><p>Bestellung: Telefonisch, per Email, Fax oder Brief<\/p>\t\t\t\t\t\t<\/div>\n\t\t\t\t<\/div>\n\t\t\t\t\t<\/div>\n\t\t\t\t<\/div>\n\t\t<div class=\"elementor-element elementor-element-77dd044 e-flex e-con-boxed e-con e-parent\" data-id=\"77dd044\" data-element_type=\"container\" data-settings=\"{&quot;content_width&quot;:&quot;boxed&quot;}\" data-core-v316-plus=\"true\">\n\t\t\t\t\t<div class=\"e-con-inner\">\n\t\t\t\t<div class=\"elementor-element elementor-element-8e9e938 elementor-widget elementor-widget-eael-advanced-data-table\" data-id=\"8e9e938\" data-element_type=\"widget\" data-widget_type=\"eael-advanced-data-table.default\">\n\t\t\t\t<div class=\"elementor-widget-container\">\n\t\t\t<div class=\"ea-advanced-data-table-wrap\" data-id=\"8e9e938\"><div class=\"ea-advanced-data-table-wrap-inner\">\n                <table class=\"ea-advanced-data-table ea-advanced-data-table-static ea-advanced-data-table-8e9e938 ea-advanced-data-table-sortable ea-advanced-data-table-paginated\" data-id=\"8e9e938\" data-items-per-page=\"300\"><thead><tr><th><p>Name<\/p><\/th><th><p>Preis<\/p><\/th><\/tr><\/thead><tbody><tr><td><p><span>Genekam HIV Resistenz Test<\/span><\/p><\/td><td><p>39\u20ac<\/p><\/td><\/tr><\/tbody><\/table>\n            <\/div><div class=\"ea-advanced-data-table-pagination ea-advanced-data-table-pagination-button clearfix\"><\/div><\/div>\t\t<\/div>\n\t\t\t\t<\/div>\n\t\t\t\t\t<\/div>\n\t\t\t\t<\/div>\n\t\t\t\t\t\t\t<\/div>\n\t\t","protected":false},"excerpt":{"rendered":"Genekam HIV-Resistenz-Test \u2022 schmerzlos \u2022 einfach \u2022 genau DNA-Test zeigt, ob jemand an HIV erkranken kann oder nicht Es gibt Menschen, die eine HIV-Erkrankung bekommen k\u00f6nnen und solche, die sich aufgrund einer bestimmten Genmutation nicht infizieren k\u00f6nnen. Deshalb es sinnvoll f\u00fcr jeden von uns, zu wissen, ob man HIV-resistent ist oder nicht. Die Genekam Biotechnology ","protected":false},"author":1,"featured_media":0,"parent":0,"menu_order":0,"comment_status":"closed","ping_status":"closed","template":"","meta":{"inline_featured_image":false,"footnotes":""},"class_list":["post-4849","page","type-page","status-publish","hentry"],"yoast_head":"<!-- This site is optimized with the Yoast SEO plugin v22.2 - https:\/\/yoast.com\/wordpress\/plugins\/seo\/ -->\n<title>Genekam HIV-Resistenz-Test - Genekam Biotechnology AG<\/title>\n<meta name=\"robots\" content=\"index, follow, max-snippet:-1, max-image-preview:large, max-video-preview:-1\" \/>\n<link rel=\"canonical\" href=\"https:\/\/genekam.de\/index.php\/de-genekam-hiv-resistenz-test\/\" \/>\n<meta property=\"og:locale\" content=\"de_DE\" \/>\n<meta property=\"og:type\" content=\"article\" \/>\n<meta property=\"og:title\" content=\"Genekam HIV-Resistenz-Test - Genekam Biotechnology AG\" \/>\n<meta property=\"og:description\" content=\"Genekam HIV-Resistenz-Test \u2022 schmerzlos \u2022 einfach \u2022 genau DNA-Test zeigt, ob jemand an HIV erkranken kann oder nicht Es gibt Menschen, die eine HIV-Erkrankung bekommen k\u00f6nnen und solche, die sich aufgrund einer bestimmten Genmutation nicht infizieren k\u00f6nnen. Deshalb es sinnvoll f\u00fcr jeden von uns, zu wissen, ob man HIV-resistent ist oder nicht. Die Genekam Biotechnology\" \/>\n<meta property=\"og:url\" content=\"https:\/\/genekam.de\/index.php\/de-genekam-hiv-resistenz-test\/\" \/>\n<meta property=\"og:site_name\" content=\"Genekam Biotechnology AG\" \/>\n<meta property=\"article:modified_time\" content=\"2024-12-19T14:21:23+00:00\" \/>\n<meta name=\"twitter:card\" content=\"summary_large_image\" \/>\n<meta name=\"twitter:label1\" content=\"Gesch\u00e4tzte Lesezeit\" \/>\n\t<meta name=\"twitter:data1\" content=\"2\u00a0Minuten\" \/>\n<script type=\"application\/ld+json\" class=\"yoast-schema-graph\">{\"@context\":\"https:\/\/schema.org\",\"@graph\":[{\"@type\":\"WebPage\",\"@id\":\"https:\/\/genekam.de\/index.php\/de-genekam-hiv-resistenz-test\/\",\"url\":\"https:\/\/genekam.de\/index.php\/de-genekam-hiv-resistenz-test\/\",\"name\":\"Genekam HIV-Resistenz-Test - Genekam Biotechnology AG\",\"isPartOf\":{\"@id\":\"https:\/\/genekam.de\/#website\"},\"datePublished\":\"2024-01-22T16:40:33+00:00\",\"dateModified\":\"2024-12-19T14:21:23+00:00\",\"breadcrumb\":{\"@id\":\"https:\/\/genekam.de\/index.php\/de-genekam-hiv-resistenz-test\/#breadcrumb\"},\"inLanguage\":\"de\",\"potentialAction\":[{\"@type\":\"ReadAction\",\"target\":[\"https:\/\/genekam.de\/index.php\/de-genekam-hiv-resistenz-test\/\"]}]},{\"@type\":\"BreadcrumbList\",\"@id\":\"https:\/\/genekam.de\/index.php\/de-genekam-hiv-resistenz-test\/#breadcrumb\",\"itemListElement\":[{\"@type\":\"ListItem\",\"position\":1,\"name\":\"Startseite\",\"item\":\"https:\/\/genekam.de\/\"},{\"@type\":\"ListItem\",\"position\":2,\"name\":\"Genekam HIV-Resistenz-Test\"}]},{\"@type\":\"WebSite\",\"@id\":\"https:\/\/genekam.de\/#website\",\"url\":\"https:\/\/genekam.de\/\",\"name\":\"Genekam Biotechnology AG\",\"description\":\"\",\"potentialAction\":[{\"@type\":\"SearchAction\",\"target\":{\"@type\":\"EntryPoint\",\"urlTemplate\":\"https:\/\/genekam.de\/?s={search_term_string}\"},\"query-input\":\"required name=search_term_string\"}],\"inLanguage\":\"de\"}]}<\/script>\n<!-- \/ Yoast SEO plugin. -->","yoast_head_json":{"title":"Genekam HIV-Resistenz-Test - Genekam Biotechnology AG","robots":{"index":"index","follow":"follow","max-snippet":"max-snippet:-1","max-image-preview":"max-image-preview:large","max-video-preview":"max-video-preview:-1"},"canonical":"https:\/\/genekam.de\/index.php\/de-genekam-hiv-resistenz-test\/","og_locale":"de_DE","og_type":"article","og_title":"Genekam HIV-Resistenz-Test - Genekam Biotechnology AG","og_description":"Genekam HIV-Resistenz-Test \u2022 schmerzlos \u2022 einfach \u2022 genau DNA-Test zeigt, ob jemand an HIV erkranken kann oder nicht Es gibt Menschen, die eine HIV-Erkrankung bekommen k\u00f6nnen und solche, die sich aufgrund einer bestimmten Genmutation nicht infizieren k\u00f6nnen. Deshalb es sinnvoll f\u00fcr jeden von uns, zu wissen, ob man HIV-resistent ist oder nicht. Die Genekam Biotechnology","og_url":"https:\/\/genekam.de\/index.php\/de-genekam-hiv-resistenz-test\/","og_site_name":"Genekam Biotechnology AG","article_modified_time":"2024-12-19T14:21:23+00:00","twitter_card":"summary_large_image","twitter_misc":{"Gesch\u00e4tzte Lesezeit":"2\u00a0Minuten"},"schema":{"@context":"https:\/\/schema.org","@graph":[{"@type":"WebPage","@id":"https:\/\/genekam.de\/index.php\/de-genekam-hiv-resistenz-test\/","url":"https:\/\/genekam.de\/index.php\/de-genekam-hiv-resistenz-test\/","name":"Genekam HIV-Resistenz-Test - Genekam Biotechnology AG","isPartOf":{"@id":"https:\/\/genekam.de\/#website"},"datePublished":"2024-01-22T16:40:33+00:00","dateModified":"2024-12-19T14:21:23+00:00","breadcrumb":{"@id":"https:\/\/genekam.de\/index.php\/de-genekam-hiv-resistenz-test\/#breadcrumb"},"inLanguage":"de","potentialAction":[{"@type":"ReadAction","target":["https:\/\/genekam.de\/index.php\/de-genekam-hiv-resistenz-test\/"]}]},{"@type":"BreadcrumbList","@id":"https:\/\/genekam.de\/index.php\/de-genekam-hiv-resistenz-test\/#breadcrumb","itemListElement":[{"@type":"ListItem","position":1,"name":"Startseite","item":"https:\/\/genekam.de\/"},{"@type":"ListItem","position":2,"name":"Genekam HIV-Resistenz-Test"}]},{"@type":"WebSite","@id":"https:\/\/genekam.de\/#website","url":"https:\/\/genekam.de\/","name":"Genekam Biotechnology AG","description":"","potentialAction":[{"@type":"SearchAction","target":{"@type":"EntryPoint","urlTemplate":"https:\/\/genekam.de\/?s={search_term_string}"},"query-input":"required name=search_term_string"}],"inLanguage":"de"}]}},"_links":{"self":[{"href":"https:\/\/genekam.de\/index.php\/wp-json\/wp\/v2\/pages\/4849","targetHints":{"allow":["GET"]}}],"collection":[{"href":"https:\/\/genekam.de\/index.php\/wp-json\/wp\/v2\/pages"}],"about":[{"href":"https:\/\/genekam.de\/index.php\/wp-json\/wp\/v2\/types\/page"}],"author":[{"embeddable":true,"href":"https:\/\/genekam.de\/index.php\/wp-json\/wp\/v2\/users\/1"}],"replies":[{"embeddable":true,"href":"https:\/\/genekam.de\/index.php\/wp-json\/wp\/v2\/comments?post=4849"}],"version-history":[{"count":8,"href":"https:\/\/genekam.de\/index.php\/wp-json\/wp\/v2\/pages\/4849\/revisions"}],"predecessor-version":[{"id":9017,"href":"https:\/\/genekam.de\/index.php\/wp-json\/wp\/v2\/pages\/4849\/revisions\/9017"}],"wp:attachment":[{"href":"https:\/\/genekam.de\/index.php\/wp-json\/wp\/v2\/media?parent=4849"}],"curies":[{"name":"wp","href":"https:\/\/api.w.org\/{rel}","templated":true}]}}