{"id":4850,"date":"2024-01-22T17:32:52","date_gmt":"2024-01-22T16:32:52","guid":{"rendered":"http:\/\/genekam.mosquitobornediseases.com\/?page_id=4850"},"modified":"2024-12-19T15:21:41","modified_gmt":"2024-12-19T14:21:41","slug":"de-dna-test-zum-nachweis-von-brustkrebs","status":"publish","type":"page","link":"https:\/\/genekam.de\/index.php\/de-dna-test-zum-nachweis-von-brustkrebs\/","title":{"rendered":"DNA Test zum Nachweis von Brustkrebs"},"content":{"rendered":"\t\t<div data-elementor-type=\"wp-page\" data-elementor-id=\"4850\" class=\"elementor elementor-4850\">\n\t\t\t\t\t\t\t<div class=\"elementor-element elementor-element-b99e319 e-flex e-con-boxed e-con e-parent\" data-id=\"b99e319\" data-element_type=\"container\" data-settings=\"{&quot;content_width&quot;:&quot;boxed&quot;}\" data-core-v316-plus=\"true\">\n\t\t\t\t\t<div class=\"e-con-inner\">\n\t\t\t\t<div class=\"elementor-element elementor-element-a017a9c elementor-widget elementor-widget-text-editor\" data-id=\"a017a9c\" data-element_type=\"widget\" data-widget_type=\"text-editor.default\">\n\t\t\t\t<div class=\"elementor-widget-container\">\n\t\t\t<style>\/*! elementor - v3.16.0 - 20-09-2023 *\/\n.elementor-widget-text-editor.elementor-drop-cap-view-stacked .elementor-drop-cap{background-color:#69727d;color:#fff}.elementor-widget-text-editor.elementor-drop-cap-view-framed .elementor-drop-cap{color:#69727d;border:3px solid;background-color:transparent}.elementor-widget-text-editor:not(.elementor-drop-cap-view-default) .elementor-drop-cap{margin-top:8px}.elementor-widget-text-editor:not(.elementor-drop-cap-view-default) .elementor-drop-cap-letter{width:1em;height:1em}.elementor-widget-text-editor .elementor-drop-cap{float:left;text-align:center;line-height:1;font-size:50px}.elementor-widget-text-editor .elementor-drop-cap-letter{display:inline-block}<\/style>\t\t\t\t<h1>DNA Test zum Nachweis von Brustkrebs<\/h1><h2>MOLEKULARE TUMOR MARKER<\/h2><p>Neue M\u00f6glichkeiten, versteckte Tumore bereits im Fr\u00fchstadium zu erkennen.<br \/>\u2022 Zuverl\u00e4ssig \u2022 Sehr genau \u2022 Einfach per Blutprobe \u2022 PCR<\/p><p>Brustkrebs ist in Deutschland und generell in L\u00e4ndern der industrialisierten Welt die h\u00e4ufigste Krebserkrankung bei Frauen. Die H\u00e4ufigkeit stieg in Europa in den letzten 20 Jahren an, die Sterblichkeitsrate sinkt jedoch. Jedes Jahr lassen sich Millionen von Frauen durch Vorsorgema\u00dfnahmen zur Fr\u00fcherkennung von Brustkrebs untersuchen. Doch diese Ma\u00dfnahmen k\u00f6nnen lediglich den Tumor im fortgeschrittenen Stadium erkennen, nicht jedoch im Fr\u00fchstadium. Je fr\u00fcher man Tumore erkennt, desto besser sind die Heilungschancen und desto niedriger sind die Nebenwirkungen der Therapie.<\/p><p>Durch einen DNA Test ist es heute m\u00f6glich, Tumore im Fr\u00fchstadium zu erkennen, da die Tumorzellen sehr fr\u00fch in die Blutbahn gelangen. Diese Tumorzellen kann der DNA Test nachweisen. Aber auch Frauen, die noch vor einigen Jahren durch eine Therapie genesen sind, k\u00f6nnen von der Wiederkehr des Tumors \u00fcberrascht werden (Tumor-relapse oder Tumor-rezidiv). Daher ist es ratsam, dass sich Frauen in Risikogruppen, die bereits eine Therapie erfolgreich absolviert haben, j\u00e4hrlich ein bis zwei Mal durch Abgabe einer Blutprobe per DNA Test untersuchen lassen, um sicher zu gehen. Man kann diese DNA Tests als Erg\u00e4nzung zu anderen Untersuchungsmethoden von Tumoren einsetzen. DNA Tests sind h\u00f6chst zuverl\u00e4ssig und sehr genau.<\/p><p>Dabei empfehlen wir folgende Tumormarker: Mammaglobin, K19, CEA und CD44. Bisher hat man Biopsien von Lymphknoten und Knochenmark ben\u00f6tigt, heute reicht eine Blutprobe zur Durchf\u00fchrung des DNA Tests. Dies ist ein sehr gro\u00dfer Fortschritt gegen\u00fcber anderen Untersuchungsmethoden wie R\u00f6ntgenaufnahmen und Mammagraphien, die nicht in der Lage sind \u00c4nderungen auf molekularer Ebene zu erfassen.<\/p><p>Nat\u00fcrlich k\u00f6nnen wir die Tumormarker auch in anderen Proben wie Lymphknoten, Knochenmark und Tumorgewebe untersuchen.<\/p><p>Zur Zeit werden noch viele Untersuchungen per immunologischen Tests gemacht, doch diese serologischen Tests haben den Nachteil, da\u00df sie ungenau sind und zu Kreuzreaktionen f\u00fchren k\u00f6nnen. Sie liefern falsche Ergebnisse und f\u00fchren zu falschen Therapien. Deshalb ist es notwendig, die Ergebnisse per DNA Test best\u00e4tigen zu lassen.<\/p><p>Genekam hat die Methode f\u00fcr die Isolierung der Tumorzellen im Blut (Circulating Tumor Cell: CTC) verbessert, dadurch erh\u00f6ht sich die Genauigkeit des Test noch. Deshalb gibt es drei neue Optionen:<\/p><p>\u00a0<\/p><ol><li>Nachweis von CTC im Blut mit PCR-Methode<\/li><li>Nachweis von CTC im Blut mit PCR Methode nach Anreicherung der Tumorzellen (Ergebnisse 2-3 Wochen)<\/li><li>Nachweis von CTC in Blut mit PCR Methode und Flowcytometrie (FC) mit zwei FC-Markern Epcam und CD45 (hier versuchen wir, weitere Marker zu entwickeln)<\/li><\/ol><p>\u00a0<\/p><p>Diese Ergebnisse sind immer im Zusammenhang mit anderen Befunden der Untersuchungen zu betrachten , weil es sich hier um eine neue Methode handelt.<\/p>\t\t\t\t\t\t<\/div>\n\t\t\t\t<\/div>\n\t\t\t\t\t<\/div>\n\t\t\t\t<\/div>\n\t\t<div class=\"elementor-element elementor-element-7121003 e-flex e-con-boxed e-con e-parent\" data-id=\"7121003\" data-element_type=\"container\" data-settings=\"{&quot;content_width&quot;:&quot;boxed&quot;}\" data-core-v316-plus=\"true\">\n\t\t\t\t\t<div class=\"e-con-inner\">\n\t\t\t\t<div class=\"elementor-element elementor-element-bcb9db5 elementor-widget elementor-widget-text-editor\" data-id=\"bcb9db5\" data-element_type=\"widget\" data-widget_type=\"text-editor.default\">\n\t\t\t\t<div class=\"elementor-widget-container\">\n\t\t\t\t\t\t\t<h3>Preise pro DNA-Test (PCR) pro Brusttumormarker (2ml Blut in EDTA):<\/h3>\t\t\t\t\t\t<\/div>\n\t\t\t\t<\/div>\n\t\t\t\t<div class=\"elementor-element elementor-element-05eb957 elementor-widget elementor-widget-eael-advanced-data-table\" data-id=\"05eb957\" data-element_type=\"widget\" data-widget_type=\"eael-advanced-data-table.default\">\n\t\t\t\t<div class=\"elementor-widget-container\">\n\t\t\t<div class=\"ea-advanced-data-table-wrap\" data-id=\"05eb957\"><div class=\"ea-advanced-data-table-wrap-inner\">\n                <table class=\"ea-advanced-data-table ea-advanced-data-table-static ea-advanced-data-table-05eb957 ea-advanced-data-table-sortable ea-advanced-data-table-paginated\" data-id=\"05eb957\" data-items-per-page=\"300\"><thead><tr><th><p>Name<\/p><\/th><th><p>Preis<\/p><\/th><\/tr><\/thead><tbody><tr><td><p><span>Mammaglobin<\/span><\/p><\/td><td><p>39\u20ac<\/p><\/td><\/tr><tr><td><p>Mammoglobin RealTime<\/p><\/td><td><p>59\u20ac<\/p><\/td><\/tr><tr><td><p>Mammoglobin 1 und 2<\/p><\/td><td><p>79\u20ac<\/p><\/td><\/tr><tr><td><p>K19<\/p><\/td><td><p><span>39\u20ac<\/span><\/p><\/td><\/tr><tr><td><p>CEA<\/p><\/td><td><p>39\u20ac<\/p><\/td><\/tr><tr><td><p>CD44<\/p><\/td><td><p><span>39\u20ac<\/span><\/p><\/td><\/tr><tr><td><p>Parathyroid hormone related Protein (PTHrP)<\/p><\/td><td><p>39\u20ac<\/p><\/td><\/tr><tr><td><p>\u00df HCG<\/p><\/td><td><p>in Vorbereitung<\/p><\/td><\/tr><\/tbody><\/table>\n            <\/div><div class=\"ea-advanced-data-table-pagination ea-advanced-data-table-pagination-button clearfix\"><\/div><\/div>\t\t<\/div>\n\t\t\t\t<\/div>\n\t\t\t\t<div class=\"elementor-element elementor-element-bc2b6ca elementor-widget elementor-widget-text-editor\" data-id=\"bc2b6ca\" data-element_type=\"widget\" data-widget_type=\"text-editor.default\">\n\t\t\t\t<div class=\"elementor-widget-container\">\n\t\t\t\t\t\t\t<h3>Unsere DNA-Test Empfehlung: Multimarker<\/h3>\t\t\t\t\t\t<\/div>\n\t\t\t\t<\/div>\n\t\t\t\t<div class=\"elementor-element elementor-element-40d4d0f elementor-widget elementor-widget-eael-advanced-data-table\" data-id=\"40d4d0f\" data-element_type=\"widget\" data-widget_type=\"eael-advanced-data-table.default\">\n\t\t\t\t<div class=\"elementor-widget-container\">\n\t\t\t<div class=\"ea-advanced-data-table-wrap\" data-id=\"40d4d0f\"><div class=\"ea-advanced-data-table-wrap-inner\">\n                <table class=\"ea-advanced-data-table ea-advanced-data-table-static ea-advanced-data-table-40d4d0f ea-advanced-data-table-sortable ea-advanced-data-table-paginated\" data-id=\"40d4d0f\" data-items-per-page=\"300\"><thead><tr><th><p>Name<\/p><\/th><th><p>Preis<\/p><\/th><\/tr><\/thead><tbody><tr><td><p>Mammaglobin 1 und 2 + K19<\/p><\/td><td><p>100\u20ac<\/p><\/td><\/tr><tr><td><p>Profimarker: Mammaglobin 1 und 2 + K19 + Parathyroid hormone related Protein (PTHrP)<\/p><\/td><td><p>130\u20ac<\/p><\/td><\/tr><tr><td><p>Profimarker nach Anreichung der Tumorzellen in Zellkultur: Mammaglobin 1&amp; 2, K19 and Parathyriod hormone related Protein (PTHrP) (Ergebnisse in 2-3 Wochen)<\/p><\/td><td><p>199\u20ac<\/p><\/td><\/tr><tr><td><p>Durchflu\u00dfzytometrie-Untersuchung (EpCam und CD45)<\/p><\/td><td><p>60\u20ac<\/p><\/td><\/tr><\/tbody><\/table>\n            <\/div><div class=\"ea-advanced-data-table-pagination ea-advanced-data-table-pagination-button clearfix\"><\/div><\/div>\t\t<\/div>\n\t\t\t\t<\/div>\n\t\t\t\t\t<\/div>\n\t\t\t\t<\/div>\n\t\t<div class=\"elementor-element elementor-element-ccaf411 e-flex e-con-boxed e-con e-parent\" data-id=\"ccaf411\" data-element_type=\"container\" data-settings=\"{&quot;content_width&quot;:&quot;boxed&quot;}\" data-core-v316-plus=\"true\">\n\t\t\t\t\t<div class=\"e-con-inner\">\n\t\t\t\t\t<\/div>\n\t\t\t\t<\/div>\n\t\t\t\t\t\t\t<\/div>\n\t\t","protected":false},"excerpt":{"rendered":"DNA Test zum Nachweis von Brustkrebs MOLEKULARE TUMOR MARKER Neue M\u00f6glichkeiten, versteckte Tumore bereits im Fr\u00fchstadium zu erkennen.\u2022 Zuverl\u00e4ssig \u2022 Sehr genau \u2022 Einfach per Blutprobe \u2022 PCR Brustkrebs ist in Deutschland und generell in L\u00e4ndern der industrialisierten Welt die h\u00e4ufigste Krebserkrankung bei Frauen. Die H\u00e4ufigkeit stieg in Europa in den letzten 20 Jahren an, ","protected":false},"author":1,"featured_media":0,"parent":0,"menu_order":0,"comment_status":"closed","ping_status":"closed","template":"","meta":{"inline_featured_image":false,"footnotes":""},"class_list":["post-4850","page","type-page","status-publish","hentry"],"yoast_head":"<!-- This site is optimized with the Yoast SEO plugin v22.2 - https:\/\/yoast.com\/wordpress\/plugins\/seo\/ -->\n<title>DNA Test zum Nachweis von Brustkrebs - Genekam Biotechnology AG<\/title>\n<meta name=\"robots\" content=\"index, follow, max-snippet:-1, max-image-preview:large, max-video-preview:-1\" \/>\n<link rel=\"canonical\" href=\"https:\/\/genekam.de\/index.php\/de-dna-test-zum-nachweis-von-brustkrebs\/\" \/>\n<meta property=\"og:locale\" content=\"de_DE\" \/>\n<meta property=\"og:type\" content=\"article\" \/>\n<meta property=\"og:title\" content=\"DNA Test zum Nachweis von Brustkrebs - Genekam Biotechnology AG\" \/>\n<meta property=\"og:description\" content=\"DNA Test zum Nachweis von Brustkrebs MOLEKULARE TUMOR MARKER Neue M\u00f6glichkeiten, versteckte Tumore bereits im Fr\u00fchstadium zu erkennen.\u2022 Zuverl\u00e4ssig \u2022 Sehr genau \u2022 Einfach per Blutprobe \u2022 PCR Brustkrebs ist in Deutschland und generell in L\u00e4ndern der industrialisierten Welt die h\u00e4ufigste Krebserkrankung bei Frauen. Die H\u00e4ufigkeit stieg in Europa in den letzten 20 Jahren an,\" \/>\n<meta property=\"og:url\" content=\"https:\/\/genekam.de\/index.php\/de-dna-test-zum-nachweis-von-brustkrebs\/\" \/>\n<meta property=\"og:site_name\" content=\"Genekam Biotechnology AG\" \/>\n<meta property=\"article:modified_time\" content=\"2024-12-19T14:21:41+00:00\" \/>\n<meta name=\"twitter:card\" content=\"summary_large_image\" \/>\n<meta name=\"twitter:label1\" content=\"Gesch\u00e4tzte Lesezeit\" \/>\n\t<meta name=\"twitter:data1\" content=\"3\u00a0Minuten\" \/>\n<script type=\"application\/ld+json\" class=\"yoast-schema-graph\">{\"@context\":\"https:\/\/schema.org\",\"@graph\":[{\"@type\":\"WebPage\",\"@id\":\"https:\/\/genekam.de\/index.php\/de-dna-test-zum-nachweis-von-brustkrebs\/\",\"url\":\"https:\/\/genekam.de\/index.php\/de-dna-test-zum-nachweis-von-brustkrebs\/\",\"name\":\"DNA Test zum Nachweis von Brustkrebs - Genekam Biotechnology AG\",\"isPartOf\":{\"@id\":\"https:\/\/genekam.de\/#website\"},\"datePublished\":\"2024-01-22T16:32:52+00:00\",\"dateModified\":\"2024-12-19T14:21:41+00:00\",\"breadcrumb\":{\"@id\":\"https:\/\/genekam.de\/index.php\/de-dna-test-zum-nachweis-von-brustkrebs\/#breadcrumb\"},\"inLanguage\":\"de\",\"potentialAction\":[{\"@type\":\"ReadAction\",\"target\":[\"https:\/\/genekam.de\/index.php\/de-dna-test-zum-nachweis-von-brustkrebs\/\"]}]},{\"@type\":\"BreadcrumbList\",\"@id\":\"https:\/\/genekam.de\/index.php\/de-dna-test-zum-nachweis-von-brustkrebs\/#breadcrumb\",\"itemListElement\":[{\"@type\":\"ListItem\",\"position\":1,\"name\":\"Startseite\",\"item\":\"https:\/\/genekam.de\/\"},{\"@type\":\"ListItem\",\"position\":2,\"name\":\"DNA Test zum Nachweis von Brustkrebs\"}]},{\"@type\":\"WebSite\",\"@id\":\"https:\/\/genekam.de\/#website\",\"url\":\"https:\/\/genekam.de\/\",\"name\":\"Genekam Biotechnology AG\",\"description\":\"\",\"potentialAction\":[{\"@type\":\"SearchAction\",\"target\":{\"@type\":\"EntryPoint\",\"urlTemplate\":\"https:\/\/genekam.de\/?s={search_term_string}\"},\"query-input\":\"required name=search_term_string\"}],\"inLanguage\":\"de\"}]}<\/script>\n<!-- \/ Yoast SEO plugin. -->","yoast_head_json":{"title":"DNA Test zum Nachweis von Brustkrebs - Genekam Biotechnology AG","robots":{"index":"index","follow":"follow","max-snippet":"max-snippet:-1","max-image-preview":"max-image-preview:large","max-video-preview":"max-video-preview:-1"},"canonical":"https:\/\/genekam.de\/index.php\/de-dna-test-zum-nachweis-von-brustkrebs\/","og_locale":"de_DE","og_type":"article","og_title":"DNA Test zum Nachweis von Brustkrebs - Genekam Biotechnology AG","og_description":"DNA Test zum Nachweis von Brustkrebs MOLEKULARE TUMOR MARKER Neue M\u00f6glichkeiten, versteckte Tumore bereits im Fr\u00fchstadium zu erkennen.\u2022 Zuverl\u00e4ssig \u2022 Sehr genau \u2022 Einfach per Blutprobe \u2022 PCR Brustkrebs ist in Deutschland und generell in L\u00e4ndern der industrialisierten Welt die h\u00e4ufigste Krebserkrankung bei Frauen. Die H\u00e4ufigkeit stieg in Europa in den letzten 20 Jahren an,","og_url":"https:\/\/genekam.de\/index.php\/de-dna-test-zum-nachweis-von-brustkrebs\/","og_site_name":"Genekam Biotechnology AG","article_modified_time":"2024-12-19T14:21:41+00:00","twitter_card":"summary_large_image","twitter_misc":{"Gesch\u00e4tzte Lesezeit":"3\u00a0Minuten"},"schema":{"@context":"https:\/\/schema.org","@graph":[{"@type":"WebPage","@id":"https:\/\/genekam.de\/index.php\/de-dna-test-zum-nachweis-von-brustkrebs\/","url":"https:\/\/genekam.de\/index.php\/de-dna-test-zum-nachweis-von-brustkrebs\/","name":"DNA Test zum Nachweis von Brustkrebs - Genekam Biotechnology AG","isPartOf":{"@id":"https:\/\/genekam.de\/#website"},"datePublished":"2024-01-22T16:32:52+00:00","dateModified":"2024-12-19T14:21:41+00:00","breadcrumb":{"@id":"https:\/\/genekam.de\/index.php\/de-dna-test-zum-nachweis-von-brustkrebs\/#breadcrumb"},"inLanguage":"de","potentialAction":[{"@type":"ReadAction","target":["https:\/\/genekam.de\/index.php\/de-dna-test-zum-nachweis-von-brustkrebs\/"]}]},{"@type":"BreadcrumbList","@id":"https:\/\/genekam.de\/index.php\/de-dna-test-zum-nachweis-von-brustkrebs\/#breadcrumb","itemListElement":[{"@type":"ListItem","position":1,"name":"Startseite","item":"https:\/\/genekam.de\/"},{"@type":"ListItem","position":2,"name":"DNA Test zum Nachweis von Brustkrebs"}]},{"@type":"WebSite","@id":"https:\/\/genekam.de\/#website","url":"https:\/\/genekam.de\/","name":"Genekam Biotechnology AG","description":"","potentialAction":[{"@type":"SearchAction","target":{"@type":"EntryPoint","urlTemplate":"https:\/\/genekam.de\/?s={search_term_string}"},"query-input":"required name=search_term_string"}],"inLanguage":"de"}]}},"_links":{"self":[{"href":"https:\/\/genekam.de\/index.php\/wp-json\/wp\/v2\/pages\/4850","targetHints":{"allow":["GET"]}}],"collection":[{"href":"https:\/\/genekam.de\/index.php\/wp-json\/wp\/v2\/pages"}],"about":[{"href":"https:\/\/genekam.de\/index.php\/wp-json\/wp\/v2\/types\/page"}],"author":[{"embeddable":true,"href":"https:\/\/genekam.de\/index.php\/wp-json\/wp\/v2\/users\/1"}],"replies":[{"embeddable":true,"href":"https:\/\/genekam.de\/index.php\/wp-json\/wp\/v2\/comments?post=4850"}],"version-history":[{"count":8,"href":"https:\/\/genekam.de\/index.php\/wp-json\/wp\/v2\/pages\/4850\/revisions"}],"predecessor-version":[{"id":9019,"href":"https:\/\/genekam.de\/index.php\/wp-json\/wp\/v2\/pages\/4850\/revisions\/9019"}],"wp:attachment":[{"href":"https:\/\/genekam.de\/index.php\/wp-json\/wp\/v2\/media?parent=4850"}],"curies":[{"name":"wp","href":"https:\/\/api.w.org\/{rel}","templated":true}]}}