{"id":4902,"date":"2024-01-22T23:19:58","date_gmt":"2024-01-22T22:19:58","guid":{"rendered":"http:\/\/genekam.mosquitobornediseases.com\/?page_id=4902"},"modified":"2024-12-19T15:21:06","modified_gmt":"2024-12-19T14:21:06","slug":"de-dna-mutterschaftstest","status":"publish","type":"page","link":"https:\/\/genekam.de\/index.php\/de-dna-mutterschaftstest\/","title":{"rendered":"DNA-Mutterschaftstest"},"content":{"rendered":"\t\t<div data-elementor-type=\"wp-page\" data-elementor-id=\"4902\" class=\"elementor elementor-4902\">\n\t\t\t\t\t\t\t<div class=\"elementor-element elementor-element-cec1faa e-flex e-con-boxed e-con e-parent\" data-id=\"cec1faa\" data-element_type=\"container\" data-settings=\"{&quot;content_width&quot;:&quot;boxed&quot;}\" data-core-v316-plus=\"true\">\n\t\t\t\t\t<div class=\"e-con-inner\">\n\t\t\t\t<div class=\"elementor-element elementor-element-d63ed5b elementor-widget elementor-widget-text-editor\" data-id=\"d63ed5b\" data-element_type=\"widget\" data-widget_type=\"text-editor.default\">\n\t\t\t\t<div class=\"elementor-widget-container\">\n\t\t\t<style>\/*! elementor - v3.16.0 - 20-09-2023 *\/\n.elementor-widget-text-editor.elementor-drop-cap-view-stacked .elementor-drop-cap{background-color:#69727d;color:#fff}.elementor-widget-text-editor.elementor-drop-cap-view-framed .elementor-drop-cap{color:#69727d;border:3px solid;background-color:transparent}.elementor-widget-text-editor:not(.elementor-drop-cap-view-default) .elementor-drop-cap{margin-top:8px}.elementor-widget-text-editor:not(.elementor-drop-cap-view-default) .elementor-drop-cap-letter{width:1em;height:1em}.elementor-widget-text-editor .elementor-drop-cap{float:left;text-align:center;line-height:1;font-size:50px}.elementor-widget-text-editor .elementor-drop-cap-letter{display:inline-block}<\/style>\t\t\t\t<h1>DNA-Mutterschaftstest<\/h1><p>Mit Hilfe eines Mutterschaftstests kann die verwandtschaftliche Beziehung zwischen Mutter und Kind oder Vater, Mutter und Kind gekl\u00e4rt werden.<\/p><p>F\u00fcr den Test wird ein Abstrich von der Mundschleimhaut (andere Proben sind m\u00f6glich) ben\u00f6tigt. F\u00fcr den Mundabstrich senden wir Ihnen sterile Wattest\u00e4bchen zu. Aus diesen Proben wird in unserem Labor genomische DNA (Erbsubstanz) isoliert. In jeder menschlichen Zelle ist DNA enthalten. F\u00fcr die Isolation der DNA spielt es keine Rolle, ob als Ausgangsmaterial Blut, Haare (mit Haarwurzel) Schleimhautzellen oder anderes Gewebe verwendet werden. Selbstverst\u00e4ndlich f\u00fchren wir alle Untersuchungen auch an Blut und Gewebe durch. Nach 7 &#8211; 14 Werktagen (in dringenden F\u00e4llen auch eher m\u00f6glich) wird das Ergebnis vorliegen, welches wir Ihnen schriftlich, per email oder wie gew\u00fcnscht, mitteilen.<\/p><p>Der von uns durchgef\u00fchrte DNA-Test kann nicht vor Gericht verwendet werden, sondern dient lediglich zur pers\u00f6nlichen Orientierung. Aus diesem Grunde ist der von uns angebotene DNA-Test erheblich preiswerter als ein gerichtliches Gutachten und preiswerter als die fr\u00fcher \u00fcblichen Mutterschaftstests, die auf Blutgruppen- oder Enzymmerkmalen beruhen (allgemein als Bluttest bekannt).<\/p><p>Gegen Aufpreis f\u00fchren wir auf Wunsch auch gerichtlich verwertbare Begutachtungen durch.<\/p><p>Preis: 349,- \u20ac (Test:Mutter\/Kind)\u00a0SONDERANGEBOT: nur 229,- \u20ac !!!<\/p><p>Preis: 349,- \u20ac(Test:Vater\/Mutter\/Kind)\u00a0SONDERANGEBOT: nur 299,- \u20ac !!!<\/p><p>Jede weitere Person 150,- \u20ac<\/p><p>Bitte beachten Sie, dass wir bei nicht zur\u00fcckgeschickten Wattest\u00e4bchen (z.B. wenn Sie uns doch keinen Auftrag erteilen m\u00f6chten), eine Geb\u00fchr von 30,- \u20ac erheben m\u00fcssen.<\/p>\t\t\t\t\t\t<\/div>\n\t\t\t\t<\/div>\n\t\t\t\t\t<\/div>\n\t\t\t\t<\/div>\n\t\t\t\t\t\t\t<\/div>\n\t\t","protected":false},"excerpt":{"rendered":"DNA-Mutterschaftstest Mit Hilfe eines Mutterschaftstests kann die verwandtschaftliche Beziehung zwischen Mutter und Kind oder Vater, Mutter und Kind gekl\u00e4rt werden. F\u00fcr den Test wird ein Abstrich von der Mundschleimhaut (andere Proben sind m\u00f6glich) ben\u00f6tigt. F\u00fcr den Mundabstrich senden wir Ihnen sterile Wattest\u00e4bchen zu. Aus diesen Proben wird in unserem Labor genomische DNA (Erbsubstanz) isoliert. In ","protected":false},"author":1,"featured_media":0,"parent":0,"menu_order":0,"comment_status":"closed","ping_status":"closed","template":"","meta":{"inline_featured_image":false,"footnotes":""},"class_list":["post-4902","page","type-page","status-publish","hentry"],"yoast_head":"<!-- This site is optimized with the Yoast SEO plugin v22.2 - https:\/\/yoast.com\/wordpress\/plugins\/seo\/ -->\n<title>DNA-Mutterschaftstest - Genekam Biotechnology AG<\/title>\n<meta name=\"robots\" content=\"index, follow, max-snippet:-1, max-image-preview:large, max-video-preview:-1\" \/>\n<link rel=\"canonical\" href=\"https:\/\/genekam.de\/index.php\/de-dna-mutterschaftstest\/\" \/>\n<meta property=\"og:locale\" content=\"de_DE\" \/>\n<meta property=\"og:type\" content=\"article\" \/>\n<meta property=\"og:title\" content=\"DNA-Mutterschaftstest - Genekam Biotechnology AG\" \/>\n<meta property=\"og:description\" content=\"DNA-Mutterschaftstest Mit Hilfe eines Mutterschaftstests kann die verwandtschaftliche Beziehung zwischen Mutter und Kind oder Vater, Mutter und Kind gekl\u00e4rt werden. F\u00fcr den Test wird ein Abstrich von der Mundschleimhaut (andere Proben sind m\u00f6glich) ben\u00f6tigt. F\u00fcr den Mundabstrich senden wir Ihnen sterile Wattest\u00e4bchen zu. Aus diesen Proben wird in unserem Labor genomische DNA (Erbsubstanz) isoliert. In\" \/>\n<meta property=\"og:url\" content=\"https:\/\/genekam.de\/index.php\/de-dna-mutterschaftstest\/\" \/>\n<meta property=\"og:site_name\" content=\"Genekam Biotechnology AG\" \/>\n<meta property=\"article:modified_time\" content=\"2024-12-19T14:21:06+00:00\" \/>\n<meta name=\"twitter:card\" content=\"summary_large_image\" \/>\n<meta name=\"twitter:label1\" content=\"Gesch\u00e4tzte Lesezeit\" \/>\n\t<meta name=\"twitter:data1\" content=\"2\u00a0Minuten\" \/>\n<script type=\"application\/ld+json\" class=\"yoast-schema-graph\">{\"@context\":\"https:\/\/schema.org\",\"@graph\":[{\"@type\":\"WebPage\",\"@id\":\"https:\/\/genekam.de\/index.php\/de-dna-mutterschaftstest\/\",\"url\":\"https:\/\/genekam.de\/index.php\/de-dna-mutterschaftstest\/\",\"name\":\"DNA-Mutterschaftstest - Genekam Biotechnology AG\",\"isPartOf\":{\"@id\":\"https:\/\/genekam.de\/#website\"},\"datePublished\":\"2024-01-22T22:19:58+00:00\",\"dateModified\":\"2024-12-19T14:21:06+00:00\",\"breadcrumb\":{\"@id\":\"https:\/\/genekam.de\/index.php\/de-dna-mutterschaftstest\/#breadcrumb\"},\"inLanguage\":\"de\",\"potentialAction\":[{\"@type\":\"ReadAction\",\"target\":[\"https:\/\/genekam.de\/index.php\/de-dna-mutterschaftstest\/\"]}]},{\"@type\":\"BreadcrumbList\",\"@id\":\"https:\/\/genekam.de\/index.php\/de-dna-mutterschaftstest\/#breadcrumb\",\"itemListElement\":[{\"@type\":\"ListItem\",\"position\":1,\"name\":\"Startseite\",\"item\":\"https:\/\/genekam.de\/\"},{\"@type\":\"ListItem\",\"position\":2,\"name\":\"DNA-Mutterschaftstest\"}]},{\"@type\":\"WebSite\",\"@id\":\"https:\/\/genekam.de\/#website\",\"url\":\"https:\/\/genekam.de\/\",\"name\":\"Genekam Biotechnology AG\",\"description\":\"\",\"potentialAction\":[{\"@type\":\"SearchAction\",\"target\":{\"@type\":\"EntryPoint\",\"urlTemplate\":\"https:\/\/genekam.de\/?s={search_term_string}\"},\"query-input\":\"required name=search_term_string\"}],\"inLanguage\":\"de\"}]}<\/script>\n<!-- \/ Yoast SEO plugin. -->","yoast_head_json":{"title":"DNA-Mutterschaftstest - Genekam Biotechnology AG","robots":{"index":"index","follow":"follow","max-snippet":"max-snippet:-1","max-image-preview":"max-image-preview:large","max-video-preview":"max-video-preview:-1"},"canonical":"https:\/\/genekam.de\/index.php\/de-dna-mutterschaftstest\/","og_locale":"de_DE","og_type":"article","og_title":"DNA-Mutterschaftstest - Genekam Biotechnology AG","og_description":"DNA-Mutterschaftstest Mit Hilfe eines Mutterschaftstests kann die verwandtschaftliche Beziehung zwischen Mutter und Kind oder Vater, Mutter und Kind gekl\u00e4rt werden. F\u00fcr den Test wird ein Abstrich von der Mundschleimhaut (andere Proben sind m\u00f6glich) ben\u00f6tigt. F\u00fcr den Mundabstrich senden wir Ihnen sterile Wattest\u00e4bchen zu. Aus diesen Proben wird in unserem Labor genomische DNA (Erbsubstanz) isoliert. In","og_url":"https:\/\/genekam.de\/index.php\/de-dna-mutterschaftstest\/","og_site_name":"Genekam Biotechnology AG","article_modified_time":"2024-12-19T14:21:06+00:00","twitter_card":"summary_large_image","twitter_misc":{"Gesch\u00e4tzte Lesezeit":"2\u00a0Minuten"},"schema":{"@context":"https:\/\/schema.org","@graph":[{"@type":"WebPage","@id":"https:\/\/genekam.de\/index.php\/de-dna-mutterschaftstest\/","url":"https:\/\/genekam.de\/index.php\/de-dna-mutterschaftstest\/","name":"DNA-Mutterschaftstest - Genekam Biotechnology AG","isPartOf":{"@id":"https:\/\/genekam.de\/#website"},"datePublished":"2024-01-22T22:19:58+00:00","dateModified":"2024-12-19T14:21:06+00:00","breadcrumb":{"@id":"https:\/\/genekam.de\/index.php\/de-dna-mutterschaftstest\/#breadcrumb"},"inLanguage":"de","potentialAction":[{"@type":"ReadAction","target":["https:\/\/genekam.de\/index.php\/de-dna-mutterschaftstest\/"]}]},{"@type":"BreadcrumbList","@id":"https:\/\/genekam.de\/index.php\/de-dna-mutterschaftstest\/#breadcrumb","itemListElement":[{"@type":"ListItem","position":1,"name":"Startseite","item":"https:\/\/genekam.de\/"},{"@type":"ListItem","position":2,"name":"DNA-Mutterschaftstest"}]},{"@type":"WebSite","@id":"https:\/\/genekam.de\/#website","url":"https:\/\/genekam.de\/","name":"Genekam Biotechnology AG","description":"","potentialAction":[{"@type":"SearchAction","target":{"@type":"EntryPoint","urlTemplate":"https:\/\/genekam.de\/?s={search_term_string}"},"query-input":"required name=search_term_string"}],"inLanguage":"de"}]}},"_links":{"self":[{"href":"https:\/\/genekam.de\/index.php\/wp-json\/wp\/v2\/pages\/4902","targetHints":{"allow":["GET"]}}],"collection":[{"href":"https:\/\/genekam.de\/index.php\/wp-json\/wp\/v2\/pages"}],"about":[{"href":"https:\/\/genekam.de\/index.php\/wp-json\/wp\/v2\/types\/page"}],"author":[{"embeddable":true,"href":"https:\/\/genekam.de\/index.php\/wp-json\/wp\/v2\/users\/1"}],"replies":[{"embeddable":true,"href":"https:\/\/genekam.de\/index.php\/wp-json\/wp\/v2\/comments?post=4902"}],"version-history":[{"count":5,"href":"https:\/\/genekam.de\/index.php\/wp-json\/wp\/v2\/pages\/4902\/revisions"}],"predecessor-version":[{"id":9015,"href":"https:\/\/genekam.de\/index.php\/wp-json\/wp\/v2\/pages\/4902\/revisions\/9015"}],"wp:attachment":[{"href":"https:\/\/genekam.de\/index.php\/wp-json\/wp\/v2\/media?parent=4902"}],"curies":[{"name":"wp","href":"https:\/\/api.w.org\/{rel}","templated":true}]}}