{"id":4926,"date":"2024-01-23T12:56:45","date_gmt":"2024-01-23T11:56:45","guid":{"rendered":"http:\/\/genekam.mosquitobornediseases.com\/?page_id=4926"},"modified":"2024-12-19T15:22:13","modified_gmt":"2024-12-19T14:22:13","slug":"de-dna-test-fuer-parodontitis-und-karies","status":"publish","type":"page","link":"https:\/\/genekam.de\/index.php\/de-dna-test-fuer-parodontitis-und-karies\/","title":{"rendered":"DNA Test f\u00fcr Parodontitis und Karies"},"content":{"rendered":"\t\t<div data-elementor-type=\"wp-page\" data-elementor-id=\"4926\" class=\"elementor elementor-4926\">\n\t\t\t\t\t\t\t<div class=\"elementor-element elementor-element-f84c9dd e-flex e-con-boxed e-con e-parent\" data-id=\"f84c9dd\" data-element_type=\"container\" data-settings=\"{&quot;content_width&quot;:&quot;boxed&quot;}\" data-core-v316-plus=\"true\">\n\t\t\t\t\t<div class=\"e-con-inner\">\n\t\t\t\t<div class=\"elementor-element elementor-element-41554c3 elementor-widget elementor-widget-text-editor\" data-id=\"41554c3\" data-element_type=\"widget\" data-widget_type=\"text-editor.default\">\n\t\t\t\t<div class=\"elementor-widget-container\">\n\t\t\t<style>\/*! elementor - v3.16.0 - 20-09-2023 *\/\n.elementor-widget-text-editor.elementor-drop-cap-view-stacked .elementor-drop-cap{background-color:#69727d;color:#fff}.elementor-widget-text-editor.elementor-drop-cap-view-framed .elementor-drop-cap{color:#69727d;border:3px solid;background-color:transparent}.elementor-widget-text-editor:not(.elementor-drop-cap-view-default) .elementor-drop-cap{margin-top:8px}.elementor-widget-text-editor:not(.elementor-drop-cap-view-default) .elementor-drop-cap-letter{width:1em;height:1em}.elementor-widget-text-editor .elementor-drop-cap{float:left;text-align:center;line-height:1;font-size:50px}.elementor-widget-text-editor .elementor-drop-cap-letter{display:inline-block}<\/style>\t\t\t\t<h1>DNA Test f\u00fcr Parodontitis und Karies<\/h1><h3>Einfach, schmerzlos, genau, schnell und bezahlbar \u2013 durch PCR Test.<\/h3><p>Die Parodontitis z\u00e4hlt zu den h\u00e4ufigsten Erkrankungen welt- weit. Sie wird verursacht durch eine lokale oder generalisiert auftretende Entz\u00fcndung des marginalen Desmodonts. Sie f\u00fchrt zu Knochenabbau und damit zum Verlust von parodon- talem Attachment bzw. zum Verlust der Z\u00e4hne. Verursacher der Parodontitis sind vorwiegend gramnegative anaerobe Bakterien. Sie produzieren eine Reihe von Endo- und Exo- toxinen. Diese Toxine verteilen sich im ganzen K\u00f6rper \u00fcber die Blutbahnen und verursachen arterielle Plaques und Arte- riosklerose, denn Parodontitis ist eine chronische Krankheit.<\/p><p>Die Beurteilung und Diagnose parodontaler Erkrankungen geh\u00f6rt zu den schwierigsten und umstrittensten Aufgaben der Para- dontologie. Es wurden verschiedene Methoden wie gini- givale Blutung, Sondierungsmessungen, Radiographie und biochemische Methoden benutzt, aber ein DNA-Test ist die genaueste, hochspezifische, schnelle und dabei schmerzlose Methode, deshalb ist der Test das Mittel der Wahl. Genekam DNA-Tests sind PCR-basiert ( Polymerase Chain Reaction ).<\/p><p>Probeentnahme: Es ist recht einfach, wenn man ein steriles Wattest\u00e4bchen benutzt. Dieses Wattest\u00e4bchen wird \u00fcber das infizierte Zahn- fleisch gestrichen (ca. 10 bis 20 Sekunden, 1 bis 2 mal), danach wieder in die Plastikh\u00fclse getan, diese wird dann in einem Umschlag einfach ans Labor geschickt.<\/p><p>Actinobacillus actinomycetemcomitans ist ein sehr aggressives Parodontitisbakterium ebenso wie Tannerella forsytus . Diese Bakterien lassen sich sehr schwierig durch Kulturmethoden nachweisen, deshalb sind hier DNA-Tests die optimale L\u00f6sung.<\/p><p>Eine genaue Therapie braucht auch eine genaue Diagnose, deshalb ist es empfehlenswert, durch einen DNA-Test diese Pathogene in der Mundh\u00f6hle pr\u00fcfen zu lassen, dadurch spart man sich eine sp\u00e4tere Zahnbehandlung und weitere schmer- zhafte Leiden. Falls sie positiv auf eines oder mehrere dieser Pathogene sind, besuchen Sie bitte Ihren Zahnarzt. Mittels eines DNA-Tests lassen sich auch Erfolge einer Zahnbehandlung kontrollieren.<\/p><p>Total Bacterial Load: Neue M\u00f6glichkeit der modernen Medizin Die Genekam Biotechnology AG hat einen Realtime DNA-Test entwickelt, mit der man die Gesamtbakterienzahl (Total Bacteria Load) feststellen kann. Solche Tests k\u00f6nnen als Kontrolle f\u00fcr Zahnbehandlung wie Pho- tontherapie (Laser-Therapie) oder andere Arten von Therapie (Zahnbe- handlung durch Antibiotika) dienen. Ist das Load nach der Behandlung noch hoch, war die Behandlung eventuell nicht erfolgreich. Ist das Load nach Behandlung niedrig, kann man von einer erfolgreichen Therapie ausgehen. Dem Patienten erschlie\u00dft sich so, dass die Behandlung not- wendig und erfolgreich gewesen ist. Das Total Bacteria Load erfasst Gram-negative und Gram-positive Bakterien, die in Z\u00e4hnen vorkommen.<\/p><p>Karies wird insbesondere bei Kindern durch Streptococuss mutans und Streptococcus sanguinis verursacht. Es ist sinnvoll, vor und nach der Behandlung der Karies die Pr\u00e4senz der Erreger durch den DNA-Test von Genekam zu \u00fcberpr\u00fcfen.<\/p><h3>Tests:<\/h3>\t\t\t\t\t\t<\/div>\n\t\t\t\t<\/div>\n\t\t\t\t\t<\/div>\n\t\t\t\t<\/div>\n\t\t<div class=\"elementor-element elementor-element-078c878 e-flex e-con-boxed e-con e-parent\" data-id=\"078c878\" data-element_type=\"container\" data-settings=\"{&quot;content_width&quot;:&quot;boxed&quot;}\" data-core-v316-plus=\"true\">\n\t\t\t\t\t<div class=\"e-con-inner\">\n\t\t\t\t<div class=\"elementor-element elementor-element-a1632e4 elementor-widget elementor-widget-eael-advanced-data-table\" data-id=\"a1632e4\" data-element_type=\"widget\" data-widget_type=\"eael-advanced-data-table.default\">\n\t\t\t\t<div class=\"elementor-widget-container\">\n\t\t\t<div class=\"ea-advanced-data-table-wrap\" data-id=\"a1632e4\"><div class=\"ea-advanced-data-table-wrap-inner\">\n                <table class=\"ea-advanced-data-table ea-advanced-data-table-static ea-advanced-data-table-a1632e4 ea-advanced-data-table-sortable ea-advanced-data-table-paginated\" data-id=\"a1632e4\" data-items-per-page=\"300\"><thead><tr><th><p>Name<\/p><\/th><th><p>Preis<\/p><\/th><\/tr><\/thead><tbody><tr><td><p>Actinobacillus actinomycetemcomitans (Mini Parodontitis Panel)<\/p><p>+ Porphyromonas ginigivalis<\/p><p>+ Tannerella (Bacteroides) forsytus<\/p><\/td><td><p>29\u20ac<\/p><\/td><\/tr><tr><td><p>Actinobacillus actinomycetemcomitans (Maxi Parodontitis Panel)<\/p><p>+ Porphyromonas ginigivalis<\/p><p>+ Treponema denticola<\/p><p>+ Tannerella forsynthesis<\/p><p>+ Prevotella intermedia<\/p><\/td><td><p>49\u20ac<\/p><\/td><\/tr><tr><td><p>Cytomegalovirus (CMV)<\/p><\/td><td><p>19\u20ac<\/p><\/td><\/tr><tr><td><p>Chlamydia pneumoniae<\/p><\/td><td><p>19\u20ac<\/p><\/td><\/tr><tr><td><p>Karies Panel: Streptococcus mutans und Streptococcus sanguinis<\/p><\/td><td><p>39\u20ac<\/p><\/td><\/tr><tr><td><p>Total Bacteria Load (Realtime)<\/p><\/td><td><p>39\u20ac<\/p><\/td><\/tr><\/tbody><\/table>\n            <\/div><div class=\"ea-advanced-data-table-pagination ea-advanced-data-table-pagination-button clearfix\"><\/div><\/div>\t\t<\/div>\n\t\t\t\t<\/div>\n\t\t\t\t\t<\/div>\n\t\t\t\t<\/div>\n\t\t\t\t\t\t\t<\/div>\n\t\t","protected":false},"excerpt":{"rendered":"DNA Test f\u00fcr Parodontitis und Karies Einfach, schmerzlos, genau, schnell und bezahlbar \u2013 durch PCR Test. Die Parodontitis z\u00e4hlt zu den h\u00e4ufigsten Erkrankungen welt- weit. Sie wird verursacht durch eine lokale oder generalisiert auftretende Entz\u00fcndung des marginalen Desmodonts. Sie f\u00fchrt zu Knochenabbau und damit zum Verlust von parodon- talem Attachment bzw. zum Verlust der Z\u00e4hne. ","protected":false},"author":1,"featured_media":0,"parent":0,"menu_order":0,"comment_status":"closed","ping_status":"closed","template":"","meta":{"inline_featured_image":false,"footnotes":""},"class_list":["post-4926","page","type-page","status-publish","hentry"],"yoast_head":"<!-- This site is optimized with the Yoast SEO plugin v22.2 - https:\/\/yoast.com\/wordpress\/plugins\/seo\/ -->\n<title>DNA Test f\u00fcr Parodontitis und Karies - Genekam Biotechnology AG<\/title>\n<meta name=\"robots\" content=\"index, follow, max-snippet:-1, max-image-preview:large, max-video-preview:-1\" \/>\n<link rel=\"canonical\" href=\"https:\/\/genekam.de\/index.php\/de-dna-test-fuer-parodontitis-und-karies\/\" \/>\n<meta property=\"og:locale\" content=\"de_DE\" \/>\n<meta property=\"og:type\" content=\"article\" \/>\n<meta property=\"og:title\" content=\"DNA Test f\u00fcr Parodontitis und Karies - Genekam Biotechnology AG\" \/>\n<meta property=\"og:description\" content=\"DNA Test f\u00fcr Parodontitis und Karies Einfach, schmerzlos, genau, schnell und bezahlbar \u2013 durch PCR Test. Die Parodontitis z\u00e4hlt zu den h\u00e4ufigsten Erkrankungen welt- weit. Sie wird verursacht durch eine lokale oder generalisiert auftretende Entz\u00fcndung des marginalen Desmodonts. Sie f\u00fchrt zu Knochenabbau und damit zum Verlust von parodon- talem Attachment bzw. zum Verlust der Z\u00e4hne.\" \/>\n<meta property=\"og:url\" content=\"https:\/\/genekam.de\/index.php\/de-dna-test-fuer-parodontitis-und-karies\/\" \/>\n<meta property=\"og:site_name\" content=\"Genekam Biotechnology AG\" \/>\n<meta property=\"article:modified_time\" content=\"2024-12-19T14:22:13+00:00\" \/>\n<meta name=\"twitter:card\" content=\"summary_large_image\" \/>\n<meta name=\"twitter:label1\" content=\"Gesch\u00e4tzte Lesezeit\" \/>\n\t<meta name=\"twitter:data1\" content=\"3\u00a0Minuten\" \/>\n<script type=\"application\/ld+json\" class=\"yoast-schema-graph\">{\"@context\":\"https:\/\/schema.org\",\"@graph\":[{\"@type\":\"WebPage\",\"@id\":\"https:\/\/genekam.de\/index.php\/de-dna-test-fuer-parodontitis-und-karies\/\",\"url\":\"https:\/\/genekam.de\/index.php\/de-dna-test-fuer-parodontitis-und-karies\/\",\"name\":\"DNA Test f\u00fcr Parodontitis und Karies - Genekam Biotechnology AG\",\"isPartOf\":{\"@id\":\"https:\/\/genekam.de\/#website\"},\"datePublished\":\"2024-01-23T11:56:45+00:00\",\"dateModified\":\"2024-12-19T14:22:13+00:00\",\"breadcrumb\":{\"@id\":\"https:\/\/genekam.de\/index.php\/de-dna-test-fuer-parodontitis-und-karies\/#breadcrumb\"},\"inLanguage\":\"de\",\"potentialAction\":[{\"@type\":\"ReadAction\",\"target\":[\"https:\/\/genekam.de\/index.php\/de-dna-test-fuer-parodontitis-und-karies\/\"]}]},{\"@type\":\"BreadcrumbList\",\"@id\":\"https:\/\/genekam.de\/index.php\/de-dna-test-fuer-parodontitis-und-karies\/#breadcrumb\",\"itemListElement\":[{\"@type\":\"ListItem\",\"position\":1,\"name\":\"Startseite\",\"item\":\"https:\/\/genekam.de\/\"},{\"@type\":\"ListItem\",\"position\":2,\"name\":\"DNA Test f\u00fcr Parodontitis und Karies\"}]},{\"@type\":\"WebSite\",\"@id\":\"https:\/\/genekam.de\/#website\",\"url\":\"https:\/\/genekam.de\/\",\"name\":\"Genekam Biotechnology AG\",\"description\":\"\",\"potentialAction\":[{\"@type\":\"SearchAction\",\"target\":{\"@type\":\"EntryPoint\",\"urlTemplate\":\"https:\/\/genekam.de\/?s={search_term_string}\"},\"query-input\":\"required name=search_term_string\"}],\"inLanguage\":\"de\"}]}<\/script>\n<!-- \/ Yoast SEO plugin. -->","yoast_head_json":{"title":"DNA Test f\u00fcr Parodontitis und Karies - Genekam Biotechnology AG","robots":{"index":"index","follow":"follow","max-snippet":"max-snippet:-1","max-image-preview":"max-image-preview:large","max-video-preview":"max-video-preview:-1"},"canonical":"https:\/\/genekam.de\/index.php\/de-dna-test-fuer-parodontitis-und-karies\/","og_locale":"de_DE","og_type":"article","og_title":"DNA Test f\u00fcr Parodontitis und Karies - Genekam Biotechnology AG","og_description":"DNA Test f\u00fcr Parodontitis und Karies Einfach, schmerzlos, genau, schnell und bezahlbar \u2013 durch PCR Test. Die Parodontitis z\u00e4hlt zu den h\u00e4ufigsten Erkrankungen welt- weit. Sie wird verursacht durch eine lokale oder generalisiert auftretende Entz\u00fcndung des marginalen Desmodonts. Sie f\u00fchrt zu Knochenabbau und damit zum Verlust von parodon- talem Attachment bzw. zum Verlust der Z\u00e4hne.","og_url":"https:\/\/genekam.de\/index.php\/de-dna-test-fuer-parodontitis-und-karies\/","og_site_name":"Genekam Biotechnology AG","article_modified_time":"2024-12-19T14:22:13+00:00","twitter_card":"summary_large_image","twitter_misc":{"Gesch\u00e4tzte Lesezeit":"3\u00a0Minuten"},"schema":{"@context":"https:\/\/schema.org","@graph":[{"@type":"WebPage","@id":"https:\/\/genekam.de\/index.php\/de-dna-test-fuer-parodontitis-und-karies\/","url":"https:\/\/genekam.de\/index.php\/de-dna-test-fuer-parodontitis-und-karies\/","name":"DNA Test f\u00fcr Parodontitis und Karies - Genekam Biotechnology AG","isPartOf":{"@id":"https:\/\/genekam.de\/#website"},"datePublished":"2024-01-23T11:56:45+00:00","dateModified":"2024-12-19T14:22:13+00:00","breadcrumb":{"@id":"https:\/\/genekam.de\/index.php\/de-dna-test-fuer-parodontitis-und-karies\/#breadcrumb"},"inLanguage":"de","potentialAction":[{"@type":"ReadAction","target":["https:\/\/genekam.de\/index.php\/de-dna-test-fuer-parodontitis-und-karies\/"]}]},{"@type":"BreadcrumbList","@id":"https:\/\/genekam.de\/index.php\/de-dna-test-fuer-parodontitis-und-karies\/#breadcrumb","itemListElement":[{"@type":"ListItem","position":1,"name":"Startseite","item":"https:\/\/genekam.de\/"},{"@type":"ListItem","position":2,"name":"DNA Test f\u00fcr Parodontitis und Karies"}]},{"@type":"WebSite","@id":"https:\/\/genekam.de\/#website","url":"https:\/\/genekam.de\/","name":"Genekam Biotechnology AG","description":"","potentialAction":[{"@type":"SearchAction","target":{"@type":"EntryPoint","urlTemplate":"https:\/\/genekam.de\/?s={search_term_string}"},"query-input":"required name=search_term_string"}],"inLanguage":"de"}]}},"_links":{"self":[{"href":"https:\/\/genekam.de\/index.php\/wp-json\/wp\/v2\/pages\/4926","targetHints":{"allow":["GET"]}}],"collection":[{"href":"https:\/\/genekam.de\/index.php\/wp-json\/wp\/v2\/pages"}],"about":[{"href":"https:\/\/genekam.de\/index.php\/wp-json\/wp\/v2\/types\/page"}],"author":[{"embeddable":true,"href":"https:\/\/genekam.de\/index.php\/wp-json\/wp\/v2\/users\/1"}],"replies":[{"embeddable":true,"href":"https:\/\/genekam.de\/index.php\/wp-json\/wp\/v2\/comments?post=4926"}],"version-history":[{"count":8,"href":"https:\/\/genekam.de\/index.php\/wp-json\/wp\/v2\/pages\/4926\/revisions"}],"predecessor-version":[{"id":9025,"href":"https:\/\/genekam.de\/index.php\/wp-json\/wp\/v2\/pages\/4926\/revisions\/9025"}],"wp:attachment":[{"href":"https:\/\/genekam.de\/index.php\/wp-json\/wp\/v2\/media?parent=4926"}],"curies":[{"name":"wp","href":"https:\/\/api.w.org\/{rel}","templated":true}]}}