{"id":5145,"date":"2024-01-25T14:48:20","date_gmt":"2024-01-25T13:48:20","guid":{"rendered":"http:\/\/genekam.mosquitobornediseases.com\/?page_id=5145"},"modified":"2024-01-25T15:30:47","modified_gmt":"2024-01-25T14:30:47","slug":"was-wir-machen","status":"publish","type":"page","link":"https:\/\/genekam.de\/index.php\/was-wir-machen\/","title":{"rendered":"Was wir machen"},"content":{"rendered":"\t\t<div data-elementor-type=\"wp-page\" data-elementor-id=\"5145\" class=\"elementor elementor-5145\">\n\t\t\t\t\t\t\t<div class=\"elementor-element elementor-element-a0bf186 e-flex e-con-boxed e-con e-parent\" data-id=\"a0bf186\" data-element_type=\"container\" data-settings=\"{&quot;content_width&quot;:&quot;boxed&quot;}\" data-core-v316-plus=\"true\">\n\t\t\t\t\t<div class=\"e-con-inner\">\n\t\t\t\t<div class=\"elementor-element elementor-element-7930440 elementor-widget elementor-widget-text-editor\" data-id=\"7930440\" data-element_type=\"widget\" data-widget_type=\"text-editor.default\">\n\t\t\t\t<div class=\"elementor-widget-container\">\n\t\t\t<style>\/*! elementor - v3.16.0 - 20-09-2023 *\/\n.elementor-widget-text-editor.elementor-drop-cap-view-stacked .elementor-drop-cap{background-color:#69727d;color:#fff}.elementor-widget-text-editor.elementor-drop-cap-view-framed .elementor-drop-cap{color:#69727d;border:3px solid;background-color:transparent}.elementor-widget-text-editor:not(.elementor-drop-cap-view-default) .elementor-drop-cap{margin-top:8px}.elementor-widget-text-editor:not(.elementor-drop-cap-view-default) .elementor-drop-cap-letter{width:1em;height:1em}.elementor-widget-text-editor .elementor-drop-cap{float:left;text-align:center;line-height:1;font-size:50px}.elementor-widget-text-editor .elementor-drop-cap-letter{display:inline-block}<\/style>\t\t\t\t<h1>What we do?<\/h1>\t\t\t\t\t\t<\/div>\n\t\t\t\t<\/div>\n\t\t\t\t\t<\/div>\n\t\t\t\t<\/div>\n\t\t<div class=\"elementor-element elementor-element-31d0f72 e-flex e-con-boxed e-con e-parent\" data-id=\"31d0f72\" data-element_type=\"container\" data-settings=\"{&quot;content_width&quot;:&quot;boxed&quot;}\" data-core-v316-plus=\"true\">\n\t\t\t\t\t<div class=\"e-con-inner\">\n\t\t\t\t<div class=\"elementor-element elementor-element-92e0787 elementor-widget elementor-widget-image\" data-id=\"92e0787\" data-element_type=\"widget\" data-widget_type=\"image.default\">\n\t\t\t\t<div class=\"elementor-widget-container\">\n\t\t\t<style>\/*! elementor - v3.16.0 - 20-09-2023 *\/\n.elementor-widget-image{text-align:center}.elementor-widget-image a{display:inline-block}.elementor-widget-image a img[src$=\".svg\"]{width:48px}.elementor-widget-image img{vertical-align:middle;display:inline-block}<\/style>\t\t\t\t\t\t\t\t\t\t\t\t<img loading=\"lazy\" decoding=\"async\" width=\"1024\" height=\"724\" src=\"https:\/\/genekam.de\/wp-content\/uploads\/2023\/10\/Genekam-profile-1024x724.jpg\" class=\"attachment-large size-large wp-image-2350\" alt=\"\" srcset=\"https:\/\/genekam.de\/wp-content\/uploads\/2023\/10\/Genekam-profile-1024x724.jpg 1024w, https:\/\/genekam.de\/wp-content\/uploads\/2023\/10\/Genekam-profile-300x212.jpg 300w, https:\/\/genekam.de\/wp-content\/uploads\/2023\/10\/Genekam-profile-768x543.jpg 768w, https:\/\/genekam.de\/wp-content\/uploads\/2023\/10\/Genekam-profile-1536x1086.jpg 1536w, https:\/\/genekam.de\/wp-content\/uploads\/2023\/10\/Genekam-profile-2048x1448.jpg 2048w\" sizes=\"auto, (max-width: 1024px) 100vw, 1024px\" \/>\t\t\t\t\t\t\t\t\t\t\t\t\t\t\t<\/div>\n\t\t\t\t<\/div>\n\t\t\t\t\t<\/div>\n\t\t\t\t<\/div>\n\t\t<div class=\"elementor-element elementor-element-5bd997c e-flex e-con-boxed e-con e-parent\" data-id=\"5bd997c\" data-element_type=\"container\" data-settings=\"{&quot;content_width&quot;:&quot;boxed&quot;}\" data-core-v316-plus=\"true\">\n\t\t\t\t\t<div class=\"e-con-inner\">\n\t\t\t\t<div class=\"elementor-element elementor-element-e58de35 elementor-widget elementor-widget-text-editor\" data-id=\"e58de35\" data-element_type=\"widget\" data-widget_type=\"text-editor.default\">\n\t\t\t\t<div class=\"elementor-widget-container\">\n\t\t\t\t\t\t\t<p>Die Genekam Biotechnology AG arbeitet an kosteneffektiven L\u00f6sungen f\u00fcr das Gesundheitswesen. Unser Fokus liegt auf folgenden Gebieten:<\/p><ol><li>Virologie: Unser Hauptfokus liegt auf der Schaffung von L\u00f6sungen f\u00fcr die Pr\u00e4vention, Erkennung und Behandlung von pandemischen Viren. Genekam hat eine Anzahl von L\u00f6sungen f\u00fcr den Nachweis von Influenzaviren zugleich mit Flaviviren wie Dengue, japanischer Encephalititsvirus etc.<\/li><li>Pr\u00e4vention: Die Genekam Biotechnology AG arbeitet zurzeit an L\u00f6sungen, um die Ausbreitung von Viren und Erregern im klinischen Umfeld zu verhindern.<\/li><li>Therapien: Genekam entwickelt Therapien f\u00fcr die Pr\u00e4vention und Behandlung von viralen Krankheiten, die zum Teil in Zusammenhang mit Influenzaviren und pandemischen Viren stehen.<\/li><li>Stammzellen-L\u00f6sungen: Diese werden als Angebot f\u00fcr die Versorgung einer alternden Gesellschaft geschaffen.<\/li><\/ol>\t\t\t\t\t\t<\/div>\n\t\t\t\t<\/div>\n\t\t\t\t\t<\/div>\n\t\t\t\t<\/div>\n\t\t<div class=\"elementor-element elementor-element-b0b2bc1 e-flex e-con-boxed e-con e-parent\" data-id=\"b0b2bc1\" data-element_type=\"container\" data-settings=\"{&quot;content_width&quot;:&quot;boxed&quot;}\" data-core-v316-plus=\"true\">\n\t\t\t\t\t<div class=\"e-con-inner\">\n\t\t\t\t<div class=\"elementor-element elementor-element-9c58029 elementor-widget elementor-widget-video\" data-id=\"9c58029\" data-element_type=\"widget\" data-settings=\"{&quot;video_type&quot;:&quot;hosted&quot;,&quot;controls&quot;:&quot;yes&quot;}\" data-widget_type=\"video.default\">\n\t\t\t\t<div class=\"elementor-widget-container\">\n\t\t\t<style>\/*! elementor - v3.16.0 - 20-09-2023 *\/\n.elementor-widget-video .elementor-widget-container{overflow:hidden;transform:translateZ(0)}.elementor-widget-video .elementor-wrapper{aspect-ratio:var(--video-aspect-ratio)}.elementor-widget-video .elementor-wrapper iframe,.elementor-widget-video .elementor-wrapper video{height:100%;width:100%;display:flex;border:none;background-color:#000}@supports not (aspect-ratio:1\/1){.elementor-widget-video .elementor-wrapper{position:relative;overflow:hidden;height:0;padding-bottom:calc(100% \/ var(--video-aspect-ratio))}.elementor-widget-video .elementor-wrapper iframe,.elementor-widget-video .elementor-wrapper video{position:absolute;top:0;right:0;bottom:0;left:0}}.elementor-widget-video .elementor-open-inline .elementor-custom-embed-image-overlay{position:absolute;top:0;right:0;bottom:0;left:0;background-size:cover;background-position:50%}.elementor-widget-video .elementor-custom-embed-image-overlay{cursor:pointer;text-align:center}.elementor-widget-video .elementor-custom-embed-image-overlay:hover .elementor-custom-embed-play i{opacity:1}.elementor-widget-video .elementor-custom-embed-image-overlay img{display:block;width:100%;aspect-ratio:var(--video-aspect-ratio);-o-object-fit:cover;object-fit:cover;-o-object-position:center center;object-position:center center}@supports not (aspect-ratio:1\/1){.elementor-widget-video .elementor-custom-embed-image-overlay{position:relative;overflow:hidden;height:0;padding-bottom:calc(100% \/ var(--video-aspect-ratio))}.elementor-widget-video .elementor-custom-embed-image-overlay img{position:absolute;top:0;right:0;bottom:0;left:0}}.elementor-widget-video .e-hosted-video .elementor-video{-o-object-fit:cover;object-fit:cover}.e-con-inner>.elementor-widget-video,.e-con>.elementor-widget-video{width:var(--container-widget-width);--flex-grow:var(--container-widget-flex-grow)}<\/style>\t\t<div class=\"e-hosted-video elementor-wrapper elementor-open-inline\">\n\t\t\t\t\t<video class=\"elementor-video\" src=\"http:\/\/genekam.de\/wp-content\/uploads\/2023\/10\/video.mp4\" controls=\"\" preload=\"metadata\" controlsList=\"nodownload\"><\/video>\n\t\t\t\t<\/div>\n\t\t\t\t<\/div>\n\t\t\t\t<\/div>\n\t\t\t\t\t<\/div>\n\t\t\t\t<\/div>\n\t\t<div class=\"elementor-element elementor-element-77ae4f5 e-flex e-con-boxed e-con e-parent\" data-id=\"77ae4f5\" data-element_type=\"container\" data-settings=\"{&quot;content_width&quot;:&quot;boxed&quot;}\" data-core-v316-plus=\"true\">\n\t\t\t\t\t<div class=\"e-con-inner\">\n\t\t\t\t<div class=\"elementor-element elementor-element-5cd1eed elementor-widget elementor-widget-text-editor\" data-id=\"5cd1eed\" data-element_type=\"widget\" data-widget_type=\"text-editor.default\">\n\t\t\t\t<div class=\"elementor-widget-container\">\n\t\t\t\t\t\t\t<h3>Anwendungen von Genekam PCR-Kits:<br \/>Es gibt eine Reihe von medizinischen Anwendungen und Genekam PCR-Kits haben Vorteile gegen\u00fcber hausgemachten Analysen. Einige davon sind folgende:<\/h3><p>Vorteile von Genekam PCR-Kits:<br \/><br \/>Diese werden auf der Basis der Kenntnis von Publikationen, die weltweit von tausenden von Wissenschaftlern im Zuge exzellenter Forschung erstellt wurden, gemeinsam mit der Erfahrung von Genekam Biotechnology AG entwickelt. Die Kits werden sorgsam so entwickelt, da\u00df sie hochspezifisch, exakt und sensitiv sind und werden auf ihre Wirksamkeit mit related und non-related real targets gepr\u00fcft. Die Entwicklung und Produktion der Kits unterliegt einem Qualit\u00e4ts-Management, das die CE-IVD-Basis f\u00fcr die sp\u00e4tere Zulassung als Diagnostik-Kits bildet. Sie sind standardisiert, deshalb k\u00f6nnen sie von verschiedenen Gruppen benutzt werden, die an einem bestimmten arbeiten, z.B. Influenza A. Die Labore k\u00f6nnen das Influenza-A-Kit (Fluhunter) benutzen, um ihre eigene Routinearbeit zu standardisieren und eigene Ergebnisse zu vergleichen.<br \/><br \/>2. Sie sind einfach in der Handhabung und Lagerung.<br \/><br \/>3. Ein Nutzer, der einmal mit einem bestimmten Kit gearbeitet hat, wei\u00df, wie man mit anderen Kits der Genekam Biotechnology AG zu arbeiten hat.<br \/><br \/>4. Die Kits werden von Personen entwickelt, die vertiefte Kenntnisse auf dem Gebiet der medizinischen mikrobiologischen Virologie haben. Sie kommen aus einem medizinischen Bet\u00e4tigungsfeld, wo sie lange Zeit Forschung betrieben haben. Sie arbeiten ausschlie\u00dflich auf Gebieten, wo sie Experten sind. Diese sind Immunologie, Stammzellenforschung und Virologie. Genekam-Kits werden unter medizinischen Blickpunkten hergestellt, d.h. wie benutzt man sie, wie interpretiert man die Ergebnisse und wie best\u00e4tigt man die Ergebnisse.<br \/><br \/>5. Weltweit entwickeln viele Institute ihre eigenen L\u00f6sungen anstatt die Vorteile von Genekam-Kits auszuprobieren. Viele Institute meinen, da\u00df es ihr eigenes PCR ist, wenn sie Mastermix und Primer mischen. PCR-Kits von guter Qualit\u00e4t zu entwickeln ist jedoch ein sehr komplexer Vorgang und die Entwicklung und Produktion ben\u00f6tigt lange Erfahrung. Dar\u00fcber hinaus sind diese Institutes niemals in der Lage die Kits herzustellen, die Genekam anbieten kann. Genekam-Kits haben konstante und stabile Qualit\u00e4t. Sie werden in einem Umfeld, das v\u00f6llig frei von jeglicher Kontamination ist, hergestellt, im Gegensatz zu hausgemachten Kits, die unter Laborbedingungen hergestellt werden. Diese werden sowohl in der Diagnotik als auch zur \u00dcberwachung benutzt und deshalb ist es wahrscheinlich, da\u00df viele Ergebnisse dazu neigen, falsch zu sein. Die Kosten von hausgemachten Kits sind viel h\u00f6her als viele Institute wahrhaben wollen, weil sie nie die Zeit einkalkulieren, die notwendig ist, um eine Analyse zu entwickeln und zum Laufen zu bringen. Wenn man diese Faktoren ber\u00fccksichtigt, sind sie teurer und haftbar f\u00fcr falsche Resultate. \u00dcberdies verl\u00e4\u00dft irgendwann die Person, die das hauseigene Kit entwickelt hat, das Institut oder wird f\u00fcr eine l\u00e4ngere Zeit krank. Dies verursacht Schaden f\u00fcr das Institut, weil niemand da ist, der diese Person kurzfristig erstzen kann. Die Kits von Genekam Biotechnology AG sind wirtschaftlich und die Preise werden bei steigendem Auftragseingang weiter fallen. Deshalb sind hauseigene Kits nicht wirtschaftlich und Verschwendung von Ressourcen.<\/p><p>Anwendungen:<br \/><br \/><br \/>1. Genekam PCR-Kits k\u00f6nnen f\u00fcr die Durchf\u00fchrung von Studien zur Verbreitung eines bestimmten Erregers benutzt werden. Solche Studien sind weltweit in einigen Instituten durchgef\u00fchrt worden, z.B. Irak, USA. Einige Institute f\u00fchrten Studien zur Verbreitung von HCV-Viren in ihrer Bev\u00f6lkerung durch, ebenso HCV Gentypisierung (genotyping). Solche Studien k\u00f6nnen weltweit auf anderen Gebieten f\u00fcr pr\u00e4ventive Me\u00dfwerte durchgef\u00fchrt werden. Diese \u00dcberwachungstudien k\u00f6nnen im Rahmen einer Master-Arbeit oder Promotion durchgef\u00fchrt werden. Es gibt einige Viren, die weltweit zirkulieren. F\u00fcr pr\u00e4ventive Messungen und Therapien sollte man die Verbreitung eines bestimmten Erregers kennen. Studien k\u00f6nnen f\u00fcr Erreger wie Middle east SARS-, Ebola- und Influenza-Viren in der Wildnis und in der Zivilisation durchgef\u00fchrt werden. Die Kosten f\u00fcr eine solche Studie mit Genekam-Kits sind nicht sehr hoch, hier ein Beispiel f\u00fcr eine Studie des Influenzavirus H5 bei Gefl\u00fcgel: 600 Euro f\u00fcr 100 Reaktionen + 250 Euro RNA Isolation + 100 Euro weitere Kosten ( Versand etc. ) = 950 Euro. Diese Studien sind wichtig, um \u00fcber die Pr\u00e4senz von Influenzaviren Kenntnis zu haben. Es ist sehr empfehlenswert, solche Studien f\u00fcr HCV-Gentypisierung in Oman, China, Qatar und Thailand durchzuf\u00fchren, um herauszufinden, welche Genotypen in diesen Regionen verbreitet sind, da HCV-Genotypen ein Indikator f\u00fcr den Erfolg der Therapie sind. Solche Studien sollten Teil einer jeden medizinischen Hochschule werden. Es war niemals so wirtschaftlich, solche Studien durchzuf\u00fchren. Weitere Studien sind notwendig, um herauszufinden, wie der Dengue-Virus das ganze Jahr \u00fcber bei Mosquitos existiert und welche Wirte er in vielen L\u00e4ndern hat. Solche Studien k\u00f6nnen mit PCR-Kits von Genekam durchgef\u00fchrt werden. Die Ergebnisse f\u00fcr den Denguevirus k\u00f6nnen Antworten geben, wie man die Verbreitung dieses Virus unter Kontrolle bringt, wenn man ersteinmal die Art ihrer P\u00e4senz bei Wirten kennt. Viele Ausbr\u00fcche h\u00e4tten fr\u00fcher unter Kontrolle gebracht werden k\u00f6nnen, wenn es eine regelm\u00e4\u00dfige \u00dcberwachung f\u00fcr viele Viren g\u00e4be.<\/p><p>2. Bei der Entwicklung eines neuen Impfstoffes k\u00f6nnen PCR-Kits von Genekam dabei helfen, den Virusstamm herauszufinden, dessen Kenntnis f\u00fcr die Entwicklung notwendig ist. W\u00e4hrend der Impfstoff-Entwicklung kann man Kits von Genekam dazu benutzen, um den Einfluss von Viren in Zellkulturen herauszufinden. PCR-Kits von Genekam k\u00f6nnen dazu benutzt werden, um die Qualit\u00e4t der Komponenten von Impfstoffen zu kontrollieren, z.B. ob f\u00f6tales K\u00e4lberserum mit anderen Erregern wie BVDV, Riftvalley (wenn es aus betroffenen Regionen stammt) kontaminiert ist.<\/p><p>3. PCR-Kits von Genekam k\u00f6nnen dazu benutzt werden, um bei Bluttransfusionen neben den Standardparametern wie HBV, HCV und HIV weitere Erregen zu finden. Dies kann Thema einer Master- bzw. Doktorarbeit sein. Aufgrund dieser Arbeiten k\u00f6nnen dann Empfehlungen ausgesprochen werden, wie bei Blutransfusionen vorzugehen ist, um eine weitere Verbreitung von Erregern wie Dengue-Virus zu verhindern. In den USA ist bei Bluttransfusionen die \u00dcberpr\u00fcfung auf Vorhandensein des West-Nil-Virus wesentlicher Bestandteil, da in den USA hierzu umfangreiche Studien durchgef\u00fchrt worden sind. Dies bedeutet f\u00fcr die Zukunft, da\u00df ein Bedarf besteht, Parameter f\u00fcr die Untersuchungen auf weitere lokal verbreitete Erregen zu definieren.<\/p><p>4. Stammzelltherapien boomen zur Zeit in L\u00e4ndern wie China, Indien, Korea, Thailand and vielen weiteren L\u00e4ndern, aber es gibt einen starken Mangel an biologischer Sicherheit f\u00fcr diese Produkte. Es gibt verschiedene M\u00f6glichkeiten, da\u00df bei einer Stammzelltherapie Erreger \u00fcbertragen werden, z. B. wenn ein (Knochenmark-)Spender aus einner Ebola-anf\u00e4llige Region stammt und latenter Tr\u00e4ger dieses Erregers ist. Ebenso k\u00f6nnen Stammzellenkulturen, mit denen im Labor gearbeitet wird, kontaminiert sein. F\u00fcr die \u00dcberpr\u00fcfung auf solche Kontaminierungen kann man PCR-Kits von Genekam benutzen. Auch hierzu werden weltweit Studien ben\u00f6tigt, um pr\u00e4ventive Ma\u00dfnahmen zu entwickeln. Ungl\u00fccklicherweise kann man Stammzellen nicht im Autoclav sterilisieren. \u00c4hnlich dazu besteht ein \u00dcberwachungsbedarf f\u00fcr weitere Zelltherapien wie T-Zellen, B-Zellen und Dendritische Zellen.<\/p><p>5. Es gibt regelm\u00e4\u00dfig Ausbr\u00fcche von Lebensmittel-Erregern, die um die Welt gehen. Genekam kits k\u00f6nnen dazu benutzt werden, um diese Erreger zu \u00fcberwachen. Dies ist der einfachste und wirtschaftlichste Weg, die Folgen von Lebensmittelvergiftungen zu reduzieren.<\/p><p>6. PCR-Kits von Genekam k\u00f6nnen dazu benutzt werden, um neue Therapien zu entwickeln, z.B. menschliche monoclonale Antik\u00f6rper. Diese Kits k\u00f6nnen f\u00fcr die \u00dcberpr\u00fcfung auf Kontamination von Zellkulturen benutzt werden, ebenso f\u00fcr die \u00dcberpr\u00fcfung der Qualit\u00e4t der Komponenten.<\/p><p>7. Die Kosmetik-Industrie sollte Kits von Genekam anwenden, um die Qualit\u00e4t ihrer Produkte zu \u00fcberwachen, da viele kosmetische Komponenten tierischen Ursprungs sind und deshalb eine Infektionsquelle sein k\u00f6nnen.<\/p><p>8. PCR-Kits von Genekam k\u00f6nnen in der Pharma-Industrie f\u00fcr die Qualit\u00e4tskontrolle benutzt werden.<\/p><p>9. Kits von Genekam k\u00f6nnen dazu benutzt werden, um in der Lebensmittel-Industrie die Art des Fleisches, das f\u00fcr die Herstellung von Lebensmitteln benutzt wird, festzustellen. In der Vergangenheit gab es den sog. Pferdefleischskandal, bei dem anstelle von Rindfleisch Pferdefleisch verarbeitet wurde. Solche Untersuchungen k\u00f6nnen auch in anderen L\u00e4ndern durchgef\u00fchrt werden, um die Reinheit des verwendeten Fleisches festzustellen.<\/p><p>10. PCR-Kits von Genekam k\u00f6nnen dazu benutzt werden, um festzustellen, ob ein Tier, z.B. Gefl\u00fcgel, infiziert ist oder latenter Tr\u00e4ger eines Erregers ist. Bei der Tierhaltung kann so die Stallgesundheit aufrecht erhalten werden und damit werden wirtschaftliche Verluste reduziert.<\/p><p>Dies sind nur einige der Beispiele f\u00fcr die Anwendung von PCR-Kits der Genekam Biotechnology AG<\/p>\t\t\t\t\t\t<\/div>\n\t\t\t\t<\/div>\n\t\t\t\t\t<\/div>\n\t\t\t\t<\/div>\n\t\t\t\t\t\t\t<\/div>\n\t\t","protected":false},"excerpt":{"rendered":"What we do? Die Genekam Biotechnology AG arbeitet an kosteneffektiven L\u00f6sungen f\u00fcr das Gesundheitswesen. Unser Fokus liegt auf folgenden Gebieten: Virologie: Unser Hauptfokus liegt auf der Schaffung von L\u00f6sungen f\u00fcr die Pr\u00e4vention, Erkennung und Behandlung von pandemischen Viren. Genekam hat eine Anzahl von L\u00f6sungen f\u00fcr den Nachweis von Influenzaviren zugleich mit Flaviviren wie Dengue, japanischer ","protected":false},"author":1,"featured_media":0,"parent":0,"menu_order":0,"comment_status":"closed","ping_status":"closed","template":"","meta":{"inline_featured_image":false,"footnotes":""},"class_list":["post-5145","page","type-page","status-publish","hentry"],"yoast_head":"<!-- This site is optimized with the Yoast SEO plugin v22.2 - https:\/\/yoast.com\/wordpress\/plugins\/seo\/ -->\n<title>Was wir machen - Genekam Biotechnology AG<\/title>\n<meta name=\"robots\" content=\"index, follow, max-snippet:-1, max-image-preview:large, max-video-preview:-1\" \/>\n<link rel=\"canonical\" href=\"https:\/\/genekam.de\/index.php\/was-wir-machen\/\" \/>\n<meta property=\"og:locale\" content=\"de_DE\" \/>\n<meta property=\"og:type\" content=\"article\" \/>\n<meta property=\"og:title\" content=\"Was wir machen - Genekam Biotechnology AG\" \/>\n<meta property=\"og:description\" content=\"What we do? Die Genekam Biotechnology AG arbeitet an kosteneffektiven L\u00f6sungen f\u00fcr das Gesundheitswesen. Unser Fokus liegt auf folgenden Gebieten: Virologie: Unser Hauptfokus liegt auf der Schaffung von L\u00f6sungen f\u00fcr die Pr\u00e4vention, Erkennung und Behandlung von pandemischen Viren. Genekam hat eine Anzahl von L\u00f6sungen f\u00fcr den Nachweis von Influenzaviren zugleich mit Flaviviren wie Dengue, japanischer\" \/>\n<meta property=\"og:url\" content=\"https:\/\/genekam.de\/index.php\/was-wir-machen\/\" \/>\n<meta property=\"og:site_name\" content=\"Genekam Biotechnology AG\" \/>\n<meta property=\"article:modified_time\" content=\"2024-01-25T14:30:47+00:00\" \/>\n<meta property=\"og:image\" content=\"http:\/\/genekam.de\/wp-content\/uploads\/2023\/10\/Genekam-profile-1024x724.jpg\" \/>\n<meta name=\"twitter:card\" content=\"summary_large_image\" \/>\n<meta name=\"twitter:label1\" content=\"Gesch\u00e4tzte Lesezeit\" \/>\n\t<meta name=\"twitter:data1\" content=\"8\u00a0Minuten\" \/>\n<script type=\"application\/ld+json\" class=\"yoast-schema-graph\">{\"@context\":\"https:\/\/schema.org\",\"@graph\":[{\"@type\":\"WebPage\",\"@id\":\"https:\/\/genekam.de\/index.php\/was-wir-machen\/\",\"url\":\"https:\/\/genekam.de\/index.php\/was-wir-machen\/\",\"name\":\"Was wir machen - Genekam Biotechnology AG\",\"isPartOf\":{\"@id\":\"https:\/\/genekam.de\/#website\"},\"primaryImageOfPage\":{\"@id\":\"https:\/\/genekam.de\/index.php\/was-wir-machen\/#primaryimage\"},\"image\":{\"@id\":\"https:\/\/genekam.de\/index.php\/was-wir-machen\/#primaryimage\"},\"thumbnailUrl\":\"http:\/\/genekam.de\/wp-content\/uploads\/2023\/10\/Genekam-profile-1024x724.jpg\",\"datePublished\":\"2024-01-25T13:48:20+00:00\",\"dateModified\":\"2024-01-25T14:30:47+00:00\",\"breadcrumb\":{\"@id\":\"https:\/\/genekam.de\/index.php\/was-wir-machen\/#breadcrumb\"},\"inLanguage\":\"de\",\"potentialAction\":[{\"@type\":\"ReadAction\",\"target\":[\"https:\/\/genekam.de\/index.php\/was-wir-machen\/\"]}]},{\"@type\":\"ImageObject\",\"inLanguage\":\"de\",\"@id\":\"https:\/\/genekam.de\/index.php\/was-wir-machen\/#primaryimage\",\"url\":\"http:\/\/genekam.de\/wp-content\/uploads\/2023\/10\/Genekam-profile-1024x724.jpg\",\"contentUrl\":\"http:\/\/genekam.de\/wp-content\/uploads\/2023\/10\/Genekam-profile-1024x724.jpg\"},{\"@type\":\"BreadcrumbList\",\"@id\":\"https:\/\/genekam.de\/index.php\/was-wir-machen\/#breadcrumb\",\"itemListElement\":[{\"@type\":\"ListItem\",\"position\":1,\"name\":\"Startseite\",\"item\":\"https:\/\/genekam.de\/\"},{\"@type\":\"ListItem\",\"position\":2,\"name\":\"Was wir machen\"}]},{\"@type\":\"WebSite\",\"@id\":\"https:\/\/genekam.de\/#website\",\"url\":\"https:\/\/genekam.de\/\",\"name\":\"Genekam Biotechnology AG\",\"description\":\"\",\"potentialAction\":[{\"@type\":\"SearchAction\",\"target\":{\"@type\":\"EntryPoint\",\"urlTemplate\":\"https:\/\/genekam.de\/?s={search_term_string}\"},\"query-input\":\"required name=search_term_string\"}],\"inLanguage\":\"de\"}]}<\/script>\n<!-- \/ Yoast SEO plugin. -->","yoast_head_json":{"title":"Was wir machen - Genekam Biotechnology AG","robots":{"index":"index","follow":"follow","max-snippet":"max-snippet:-1","max-image-preview":"max-image-preview:large","max-video-preview":"max-video-preview:-1"},"canonical":"https:\/\/genekam.de\/index.php\/was-wir-machen\/","og_locale":"de_DE","og_type":"article","og_title":"Was wir machen - Genekam Biotechnology AG","og_description":"What we do? Die Genekam Biotechnology AG arbeitet an kosteneffektiven L\u00f6sungen f\u00fcr das Gesundheitswesen. Unser Fokus liegt auf folgenden Gebieten: Virologie: Unser Hauptfokus liegt auf der Schaffung von L\u00f6sungen f\u00fcr die Pr\u00e4vention, Erkennung und Behandlung von pandemischen Viren. Genekam hat eine Anzahl von L\u00f6sungen f\u00fcr den Nachweis von Influenzaviren zugleich mit Flaviviren wie Dengue, japanischer","og_url":"https:\/\/genekam.de\/index.php\/was-wir-machen\/","og_site_name":"Genekam Biotechnology AG","article_modified_time":"2024-01-25T14:30:47+00:00","og_image":[{"url":"http:\/\/genekam.de\/wp-content\/uploads\/2023\/10\/Genekam-profile-1024x724.jpg"}],"twitter_card":"summary_large_image","twitter_misc":{"Gesch\u00e4tzte Lesezeit":"8\u00a0Minuten"},"schema":{"@context":"https:\/\/schema.org","@graph":[{"@type":"WebPage","@id":"https:\/\/genekam.de\/index.php\/was-wir-machen\/","url":"https:\/\/genekam.de\/index.php\/was-wir-machen\/","name":"Was wir machen - Genekam Biotechnology AG","isPartOf":{"@id":"https:\/\/genekam.de\/#website"},"primaryImageOfPage":{"@id":"https:\/\/genekam.de\/index.php\/was-wir-machen\/#primaryimage"},"image":{"@id":"https:\/\/genekam.de\/index.php\/was-wir-machen\/#primaryimage"},"thumbnailUrl":"http:\/\/genekam.de\/wp-content\/uploads\/2023\/10\/Genekam-profile-1024x724.jpg","datePublished":"2024-01-25T13:48:20+00:00","dateModified":"2024-01-25T14:30:47+00:00","breadcrumb":{"@id":"https:\/\/genekam.de\/index.php\/was-wir-machen\/#breadcrumb"},"inLanguage":"de","potentialAction":[{"@type":"ReadAction","target":["https:\/\/genekam.de\/index.php\/was-wir-machen\/"]}]},{"@type":"ImageObject","inLanguage":"de","@id":"https:\/\/genekam.de\/index.php\/was-wir-machen\/#primaryimage","url":"http:\/\/genekam.de\/wp-content\/uploads\/2023\/10\/Genekam-profile-1024x724.jpg","contentUrl":"http:\/\/genekam.de\/wp-content\/uploads\/2023\/10\/Genekam-profile-1024x724.jpg"},{"@type":"BreadcrumbList","@id":"https:\/\/genekam.de\/index.php\/was-wir-machen\/#breadcrumb","itemListElement":[{"@type":"ListItem","position":1,"name":"Startseite","item":"https:\/\/genekam.de\/"},{"@type":"ListItem","position":2,"name":"Was wir machen"}]},{"@type":"WebSite","@id":"https:\/\/genekam.de\/#website","url":"https:\/\/genekam.de\/","name":"Genekam Biotechnology AG","description":"","potentialAction":[{"@type":"SearchAction","target":{"@type":"EntryPoint","urlTemplate":"https:\/\/genekam.de\/?s={search_term_string}"},"query-input":"required name=search_term_string"}],"inLanguage":"de"}]}},"_links":{"self":[{"href":"https:\/\/genekam.de\/index.php\/wp-json\/wp\/v2\/pages\/5145","targetHints":{"allow":["GET"]}}],"collection":[{"href":"https:\/\/genekam.de\/index.php\/wp-json\/wp\/v2\/pages"}],"about":[{"href":"https:\/\/genekam.de\/index.php\/wp-json\/wp\/v2\/types\/page"}],"author":[{"embeddable":true,"href":"https:\/\/genekam.de\/index.php\/wp-json\/wp\/v2\/users\/1"}],"replies":[{"embeddable":true,"href":"https:\/\/genekam.de\/index.php\/wp-json\/wp\/v2\/comments?post=5145"}],"version-history":[{"count":4,"href":"https:\/\/genekam.de\/index.php\/wp-json\/wp\/v2\/pages\/5145\/revisions"}],"predecessor-version":[{"id":5149,"href":"https:\/\/genekam.de\/index.php\/wp-json\/wp\/v2\/pages\/5145\/revisions\/5149"}],"wp:attachment":[{"href":"https:\/\/genekam.de\/index.php\/wp-json\/wp\/v2\/media?parent=5145"}],"curies":[{"name":"wp","href":"https:\/\/api.w.org\/{rel}","templated":true}]}}