{"id":5200,"date":"2024-01-25T15:20:40","date_gmt":"2024-01-25T14:20:40","guid":{"rendered":"http:\/\/genekam.mosquitobornediseases.com\/?page_id=5200"},"modified":"2024-01-25T15:30:22","modified_gmt":"2024-01-25T14:30:22","slug":"distributoren","status":"publish","type":"page","link":"https:\/\/genekam.de\/index.php\/distributoren\/","title":{"rendered":"Distributoren"},"content":{"rendered":"\t\t<div data-elementor-type=\"wp-page\" data-elementor-id=\"5200\" class=\"elementor elementor-5200\">\n\t\t\t\t\t\t\t<div class=\"elementor-element elementor-element-7308b66 e-flex e-con-boxed e-con e-parent\" data-id=\"7308b66\" data-element_type=\"container\" data-settings=\"{&quot;content_width&quot;:&quot;boxed&quot;}\" data-core-v316-plus=\"true\">\n\t\t\t\t\t<div class=\"e-con-inner\">\n\t\t\t\t<div class=\"elementor-element elementor-element-2c19d83 elementor-widget elementor-widget-text-editor\" data-id=\"2c19d83\" data-element_type=\"widget\" data-widget_type=\"text-editor.default\">\n\t\t\t\t<div class=\"elementor-widget-container\">\n\t\t\t<style>\/*! elementor - v3.16.0 - 20-09-2023 *\/\n.elementor-widget-text-editor.elementor-drop-cap-view-stacked .elementor-drop-cap{background-color:#69727d;color:#fff}.elementor-widget-text-editor.elementor-drop-cap-view-framed .elementor-drop-cap{color:#69727d;border:3px solid;background-color:transparent}.elementor-widget-text-editor:not(.elementor-drop-cap-view-default) .elementor-drop-cap{margin-top:8px}.elementor-widget-text-editor:not(.elementor-drop-cap-view-default) .elementor-drop-cap-letter{width:1em;height:1em}.elementor-widget-text-editor .elementor-drop-cap{float:left;text-align:center;line-height:1;font-size:50px}.elementor-widget-text-editor .elementor-drop-cap-letter{display:inline-block}<\/style>\t\t\t\t<p>Wir sind dabei, ein weltweites H\u00e4ndlernetz aufzubauen, so dass in Zukunft alle unsere Angebote und Kostenvoranschl\u00e4ge \u00fcber diese H\u00e4ndler laufen werden. Wenn Sie daran interessiert sind, senden Sie uns bitte Ihr Profil und Ihre Anfrage.<\/p>\t\t\t\t\t\t<\/div>\n\t\t\t\t<\/div>\n\t\t\t\t\t<\/div>\n\t\t\t\t<\/div>\n\t\t\t\t\t\t\t<\/div>\n\t\t","protected":false},"excerpt":{"rendered":"Wir sind dabei, ein weltweites H\u00e4ndlernetz aufzubauen, so dass in Zukunft alle unsere Angebote und Kostenvoranschl\u00e4ge \u00fcber diese H\u00e4ndler laufen werden. Wenn Sie daran interessiert sind, senden Sie uns bitte Ihr Profil und Ihre Anfrage.","protected":false},"author":1,"featured_media":0,"parent":0,"menu_order":0,"comment_status":"closed","ping_status":"closed","template":"","meta":{"inline_featured_image":false,"footnotes":""},"class_list":["post-5200","page","type-page","status-publish","hentry"],"yoast_head":"<!-- This site is optimized with the Yoast SEO plugin v22.2 - https:\/\/yoast.com\/wordpress\/plugins\/seo\/ -->\n<title>Distributoren - Genekam Biotechnology AG<\/title>\n<meta name=\"robots\" content=\"index, follow, max-snippet:-1, max-image-preview:large, max-video-preview:-1\" \/>\n<link rel=\"canonical\" href=\"https:\/\/genekam.de\/index.php\/distributoren\/\" \/>\n<meta property=\"og:locale\" content=\"de_DE\" \/>\n<meta property=\"og:type\" content=\"article\" \/>\n<meta property=\"og:title\" content=\"Distributoren - Genekam Biotechnology AG\" \/>\n<meta property=\"og:description\" content=\"Wir sind dabei, ein weltweites H\u00e4ndlernetz aufzubauen, so dass in Zukunft alle unsere Angebote und Kostenvoranschl\u00e4ge \u00fcber diese H\u00e4ndler laufen werden. Wenn Sie daran interessiert sind, senden Sie uns bitte Ihr Profil und Ihre Anfrage.\" \/>\n<meta property=\"og:url\" content=\"https:\/\/genekam.de\/index.php\/distributoren\/\" \/>\n<meta property=\"og:site_name\" content=\"Genekam Biotechnology AG\" \/>\n<meta property=\"article:modified_time\" content=\"2024-01-25T14:30:22+00:00\" \/>\n<meta name=\"twitter:card\" content=\"summary_large_image\" \/>\n<script type=\"application\/ld+json\" class=\"yoast-schema-graph\">{\"@context\":\"https:\/\/schema.org\",\"@graph\":[{\"@type\":\"WebPage\",\"@id\":\"https:\/\/genekam.de\/index.php\/distributoren\/\",\"url\":\"https:\/\/genekam.de\/index.php\/distributoren\/\",\"name\":\"Distributoren - Genekam Biotechnology AG\",\"isPartOf\":{\"@id\":\"https:\/\/genekam.de\/#website\"},\"datePublished\":\"2024-01-25T14:20:40+00:00\",\"dateModified\":\"2024-01-25T14:30:22+00:00\",\"breadcrumb\":{\"@id\":\"https:\/\/genekam.de\/index.php\/distributoren\/#breadcrumb\"},\"inLanguage\":\"de\",\"potentialAction\":[{\"@type\":\"ReadAction\",\"target\":[\"https:\/\/genekam.de\/index.php\/distributoren\/\"]}]},{\"@type\":\"BreadcrumbList\",\"@id\":\"https:\/\/genekam.de\/index.php\/distributoren\/#breadcrumb\",\"itemListElement\":[{\"@type\":\"ListItem\",\"position\":1,\"name\":\"Startseite\",\"item\":\"https:\/\/genekam.de\/\"},{\"@type\":\"ListItem\",\"position\":2,\"name\":\"Distributoren\"}]},{\"@type\":\"WebSite\",\"@id\":\"https:\/\/genekam.de\/#website\",\"url\":\"https:\/\/genekam.de\/\",\"name\":\"Genekam Biotechnology AG\",\"description\":\"\",\"potentialAction\":[{\"@type\":\"SearchAction\",\"target\":{\"@type\":\"EntryPoint\",\"urlTemplate\":\"https:\/\/genekam.de\/?s={search_term_string}\"},\"query-input\":\"required name=search_term_string\"}],\"inLanguage\":\"de\"}]}<\/script>\n<!-- \/ Yoast SEO plugin. -->","yoast_head_json":{"title":"Distributoren - Genekam Biotechnology AG","robots":{"index":"index","follow":"follow","max-snippet":"max-snippet:-1","max-image-preview":"max-image-preview:large","max-video-preview":"max-video-preview:-1"},"canonical":"https:\/\/genekam.de\/index.php\/distributoren\/","og_locale":"de_DE","og_type":"article","og_title":"Distributoren - Genekam Biotechnology AG","og_description":"Wir sind dabei, ein weltweites H\u00e4ndlernetz aufzubauen, so dass in Zukunft alle unsere Angebote und Kostenvoranschl\u00e4ge \u00fcber diese H\u00e4ndler laufen werden. Wenn Sie daran interessiert sind, senden Sie uns bitte Ihr Profil und Ihre Anfrage.","og_url":"https:\/\/genekam.de\/index.php\/distributoren\/","og_site_name":"Genekam Biotechnology AG","article_modified_time":"2024-01-25T14:30:22+00:00","twitter_card":"summary_large_image","schema":{"@context":"https:\/\/schema.org","@graph":[{"@type":"WebPage","@id":"https:\/\/genekam.de\/index.php\/distributoren\/","url":"https:\/\/genekam.de\/index.php\/distributoren\/","name":"Distributoren - Genekam Biotechnology AG","isPartOf":{"@id":"https:\/\/genekam.de\/#website"},"datePublished":"2024-01-25T14:20:40+00:00","dateModified":"2024-01-25T14:30:22+00:00","breadcrumb":{"@id":"https:\/\/genekam.de\/index.php\/distributoren\/#breadcrumb"},"inLanguage":"de","potentialAction":[{"@type":"ReadAction","target":["https:\/\/genekam.de\/index.php\/distributoren\/"]}]},{"@type":"BreadcrumbList","@id":"https:\/\/genekam.de\/index.php\/distributoren\/#breadcrumb","itemListElement":[{"@type":"ListItem","position":1,"name":"Startseite","item":"https:\/\/genekam.de\/"},{"@type":"ListItem","position":2,"name":"Distributoren"}]},{"@type":"WebSite","@id":"https:\/\/genekam.de\/#website","url":"https:\/\/genekam.de\/","name":"Genekam Biotechnology AG","description":"","potentialAction":[{"@type":"SearchAction","target":{"@type":"EntryPoint","urlTemplate":"https:\/\/genekam.de\/?s={search_term_string}"},"query-input":"required name=search_term_string"}],"inLanguage":"de"}]}},"_links":{"self":[{"href":"https:\/\/genekam.de\/index.php\/wp-json\/wp\/v2\/pages\/5200","targetHints":{"allow":["GET"]}}],"collection":[{"href":"https:\/\/genekam.de\/index.php\/wp-json\/wp\/v2\/pages"}],"about":[{"href":"https:\/\/genekam.de\/index.php\/wp-json\/wp\/v2\/types\/page"}],"author":[{"embeddable":true,"href":"https:\/\/genekam.de\/index.php\/wp-json\/wp\/v2\/users\/1"}],"replies":[{"embeddable":true,"href":"https:\/\/genekam.de\/index.php\/wp-json\/wp\/v2\/comments?post=5200"}],"version-history":[{"count":4,"href":"https:\/\/genekam.de\/index.php\/wp-json\/wp\/v2\/pages\/5200\/revisions"}],"predecessor-version":[{"id":5204,"href":"https:\/\/genekam.de\/index.php\/wp-json\/wp\/v2\/pages\/5200\/revisions\/5204"}],"wp:attachment":[{"href":"https:\/\/genekam.de\/index.php\/wp-json\/wp\/v2\/media?parent=5200"}],"curies":[{"name":"wp","href":"https:\/\/api.w.org\/{rel}","templated":true}]}}